{"id":633,"date":"2020-10-13T09:00:26","date_gmt":"2020-10-13T09:00:26","guid":{"rendered":"http:\/\/localhost\/razzi\/?page_id=633"},"modified":"2025-06-21T14:51:35","modified_gmt":"2025-06-21T11:51:35","slug":"about-us","status":"publish","type":"page","link":"https:\/\/mineliboutique.ro\/en\/about-us\/","title":{"rendered":"About Us"},"content":{"rendered":"<div data-elementor-type=\"wp-page\" data-elementor-id=\"633\" class=\"elementor elementor-633\">\n\t\t\t\t\t\t<section class=\"elementor-section elementor-top-section elementor-element elementor-element-b1be108 elementor-section-boxed elementor-section-height-default elementor-section-height-default\" data-id=\"b1be108\" data-element_type=\"section\" data-settings=\"{&quot;background_background&quot;:&quot;classic&quot;}\">\n\t\t\t\t\t\t<div class=\"elementor-container elementor-column-gap-no\">\n\t\t\t\t\t<div class=\"elementor-column elementor-col-100 elementor-top-column elementor-element elementor-element-2e0515c\" data-id=\"2e0515c\" data-element_type=\"column\" data-settings=\"{&quot;background_background&quot;:&quot;classic&quot;}\">\n\t\t\t<div class=\"elementor-widget-wrap elementor-element-populated\">\n\t\t\t\t\t\t<div class=\"elementor-element elementor-element-062d9d3 elementor-widget elementor-widget-heading\" data-id=\"062d9d3\" data-element_type=\"widget\" data-widget_type=\"heading.default\">\n\t\t\t\t<div class=\"elementor-widget-container\">\n\t\t\t\t\t<h2 class=\"elementor-heading-title elementor-size-default\">About Mineli Boutique\n<\/h2>\t\t\t\t<\/div>\n\t\t\t\t<\/div>\n\t\t\t\t\t<\/div>\n\t\t<\/div>\n\t\t\t\t\t<\/div>\n\t\t<\/section>\n\t\t\t\t<section class=\"elementor-section elementor-top-section elementor-element elementor-element-a9435d9 elementor-section-boxed elementor-section-height-default elementor-section-height-default\" data-id=\"a9435d9\" data-element_type=\"section\">\n\t\t\t\t\t\t<div class=\"elementor-container elementor-column-gap-extended\">\n\t\t\t\t\t<div class=\"elementor-column elementor-col-50 elementor-top-column elementor-element elementor-element-2ca6e37\" data-id=\"2ca6e37\" data-element_type=\"column\">\n\t\t\t<div class=\"elementor-widget-wrap elementor-element-populated\">\n\t\t\t\t\t\t<div class=\"elementor-element elementor-element-0d5c1ec elementor-widget elementor-widget-video\" data-id=\"0d5c1ec\" data-element_type=\"widget\" data-settings=\"{&quot;youtube_url&quot;:&quot;https:\\\/\\\/youtu.be\\\/bNBxFsDAD_w?feature=shared&quot;,&quot;video_type&quot;:&quot;youtube&quot;,&quot;controls&quot;:&quot;yes&quot;}\" data-widget_type=\"video.default\">\n\t\t\t\t<div class=\"elementor-widget-container\">\n\t\t\t\t\t\t\t<div class=\"elementor-wrapper elementor-open-inline\">\n\t\t\t<div class=\"elementor-video\"><\/div>\t\t<\/div>\n\t\t\t\t\t\t<\/div>\n\t\t\t\t<\/div>\n\t\t\t\t\t<\/div>\n\t\t<\/div>\n\t\t\t\t<div class=\"elementor-column elementor-col-50 elementor-top-column elementor-element elementor-element-0f3eef1\" data-id=\"0f3eef1\" data-element_type=\"column\">\n\t\t\t<div class=\"elementor-widget-wrap elementor-element-populated\">\n\t\t\t\t\t\t<div class=\"elementor-element elementor-element-b2daf09 elementor-widget elementor-widget-heading\" data-id=\"b2daf09\" data-element_type=\"widget\" data-widget_type=\"heading.default\">\n\t\t\t\t<div class=\"elementor-widget-container\">\n\t\t\t\t\t<h3 class=\"elementor-heading-title elementor-size-default\">Our Story\n<\/h3>\t\t\t\t<\/div>\n\t\t\t\t<\/div>\n\t\t\t\t<div class=\"elementor-element elementor-element-20f4454 elementor-widget elementor-widget-text-editor\" data-id=\"20f4454\" data-element_type=\"widget\" data-widget_type=\"text-editor.default\">\n\t\t\t\t<div class=\"elementor-widget-container\">\n\t\t\t\t\t\t\t\t\t<p>Mineli Boutique, is a Romanian brand that is redefining the fashion of passion and creativity. We focus on the shoe, which combines the textures are contradictory, cut geometry, and a range of vibrant colors, resulting in the extravagant models and colors. The sandals a sophisticated and dress shoes, boots polished, and the ankle boots, versatile, offering a range of footwear for casual, business, sport, and each pair is an expression of design and innovation. With 10 retail stores, franchises, and numerous collaborations, we're bringing on the Romanian market and the trends are inspired by the big names of international fashion, the high heels eccentric, the innovative platforms, they all are created with a commitment to pamper the modern woman.<\/p>\t\t\t\t\t\t\t\t<\/div>\n\t\t\t\t<\/div>\n\t\t\t\t\t<\/div>\n\t\t<\/div>\n\t\t\t\t\t<\/div>\n\t\t<\/section>\n\t\t\t\t<section class=\"elementor-section elementor-top-section elementor-element elementor-element-6148470 elementor-section-boxed elementor-section-height-default elementor-section-height-default\" data-id=\"6148470\" data-element_type=\"section\" data-settings=\"{&quot;background_background&quot;:&quot;classic&quot;}\">\n\t\t\t\t\t\t<div class=\"elementor-container elementor-column-gap-no\">\n\t\t\t\t\t<div class=\"elementor-column elementor-col-100 elementor-top-column elementor-element elementor-element-9eac81c\" data-id=\"9eac81c\" data-element_type=\"column\">\n\t\t\t<div class=\"elementor-widget-wrap elementor-element-populated\">\n\t\t\t\t\t\t<div class=\"elementor-element elementor-element-82d086f elementor-widget elementor-widget-heading\" data-id=\"82d086f\" data-element_type=\"widget\" data-widget_type=\"heading.default\">\n\t\t\t\t<div class=\"elementor-widget-container\">\n\t\t\t\t\t<h3 class=\"elementor-heading-title elementor-size-default\">Our Mission<\/h3>\t\t\t\t<\/div>\n\t\t\t\t<\/div>\n\t\t\t\t<div class=\"elementor-element elementor-element-961de4b elementor-widget elementor-widget-text-editor\" data-id=\"961de4b\" data-element_type=\"widget\" data-widget_type=\"text-editor.default\">\n\t\t\t\t<div class=\"elementor-widget-container\">\n\t\t\t\t\t\t\t\t\t<p>At Mineli Boutique, we are committed to creating shoes that'll inspire you to fill in your own personal style of every woman. Experiment with the textures and the bold \u2013 for the plastic, colored and glitter colored skin lacuit\u0103, denim, and velvet-valuable \u2013 to give the models, which add a touch of sophistication and glamour to any outfit. Taking us from the influences of the global and the era, various designers are creating collections are eclectic, and full of fresh, celebrates femininity and authentic.<\/p>\t\t\t\t\t\t\t\t<\/div>\n\t\t\t\t<\/div>\n\t\t\t\t<div class=\"elementor-element elementor-element-9a0f3e5 elementor-align-center elementor-widget elementor-widget-razzi-button\" data-id=\"9a0f3e5\" data-element_type=\"widget\" data-widget_type=\"razzi-button.default\">\n\t\t\t\t<div class=\"elementor-widget-container\">\n\t\t\t\t\t        <a href=\"https:\/\/mineliboutique.ro\/en\/shop\/\" class=\"razzi-button-link razzi-button\">\n\t\t\t\t\t\t\t\t\t<span class=\"razzi-button-text\">Shop Now<\/span>        <\/a>\n\t\t\t\t\t\t<\/div>\n\t\t\t\t<\/div>\n\t\t\t\t\t<\/div>\n\t\t<\/div>\n\t\t\t\t\t<\/div>\n\t\t<\/section>\n\t\t\t\t<section class=\"elementor-section elementor-top-section elementor-element elementor-element-d546ecf elementor-section-boxed elementor-section-height-default elementor-section-height-default\" data-id=\"d546ecf\" data-element_type=\"section\">\n\t\t\t\t\t\t<div class=\"elementor-container elementor-column-gap-extended\">\n\t\t\t\t\t<div class=\"elementor-column elementor-col-50 elementor-top-column elementor-element elementor-element-d2c4dae\" data-id=\"d2c4dae\" data-element_type=\"column\">\n\t\t\t<div class=\"elementor-widget-wrap elementor-element-populated\">\n\t\t\t\t\t\t<div class=\"elementor-element elementor-element-571e772 elementor-widget elementor-widget-heading\" data-id=\"571e772\" data-element_type=\"widget\" data-widget_type=\"heading.default\">\n\t\t\t\t<div class=\"elementor-widget-container\">\n\t\t\t\t\t<h3 class=\"elementor-heading-title elementor-size-default\">Our Vision\n<\/h3>\t\t\t\t<\/div>\n\t\t\t\t<\/div>\n\t\t\t\t<div class=\"elementor-element elementor-element-92f7a50 elementor-widget elementor-widget-text-editor\" data-id=\"92f7a50\" data-element_type=\"widget\" data-widget_type=\"text-editor.default\">\n\t\t\t\t<div class=\"elementor-widget-container\">\n\t\t\t\t\t\t\t\t\t<p>To be the leader of the Romanian shoe of fashion, known for innovation, quality and design, which blends tradition and modernity. We want to inspire women around the world to express their uniqueness through the shoes that combine style, comfort, and style, placing Romania on the map of international fashion.<\/p>\t\t\t\t\t\t\t\t<\/div>\n\t\t\t\t<\/div>\n\t\t\t\t\t<\/div>\n\t\t<\/div>\n\t\t\t\t<div class=\"elementor-column elementor-col-50 elementor-top-column elementor-element elementor-element-42aaa27\" data-id=\"42aaa27\" data-element_type=\"column\">\n\t\t\t<div class=\"elementor-widget-wrap elementor-element-populated\">\n\t\t\t\t\t\t<div class=\"elementor-element elementor-element-e7bc62e elementor-widget elementor-widget-image\" data-id=\"e7bc62e\" data-element_type=\"widget\" data-widget_type=\"image.default\">\n\t\t\t\t<div class=\"elementor-widget-container\">\n\t\t\t\t\t\t\t\t\t\t\t\t\t\t\t<img fetchpriority=\"high\" decoding=\"async\" width=\"640\" height=\"640\" src=\"https:\/\/mineliboutique.ro\/wp-content\/uploads\/2025\/06\/freepik__the-style-is-candid-image-photography-with-natural__33175.jpeg\" class=\"attachment-large size-large wp-image-81779\" alt=\"\" srcset=\"https:\/\/mineliboutique.ro\/wp-content\/uploads\/2025\/06\/freepik__the-style-is-candid-image-photography-with-natural__33175.jpeg 1024w, https:\/\/mineliboutique.ro\/wp-content\/uploads\/2025\/06\/freepik__the-style-is-candid-image-photography-with-natural__33175-370x370.jpeg 370w, https:\/\/mineliboutique.ro\/wp-content\/uploads\/2025\/06\/freepik__the-style-is-candid-image-photography-with-natural__33175-100x100.jpeg 100w, https:\/\/mineliboutique.ro\/wp-content\/uploads\/2025\/06\/freepik__the-style-is-candid-image-photography-with-natural__33175-670x670.jpeg 670w, https:\/\/mineliboutique.ro\/wp-content\/uploads\/2025\/06\/freepik__the-style-is-candid-image-photography-with-natural__33175-300x300.jpeg 300w, https:\/\/mineliboutique.ro\/wp-content\/uploads\/2025\/06\/freepik__the-style-is-candid-image-photography-with-natural__33175-150x150.jpeg 150w, https:\/\/mineliboutique.ro\/wp-content\/uploads\/2025\/06\/freepik__the-style-is-candid-image-photography-with-natural__33175-768x768.jpeg 768w\" sizes=\"(max-width: 640px) 100vw, 640px\" \/>\t\t\t\t\t\t\t\t\t\t\t\t\t\t\t<\/div>\n\t\t\t\t<\/div>\n\t\t\t\t\t<\/div>\n\t\t<\/div>\n\t\t\t\t\t<\/div>\n\t\t<\/section>\n\t\t\t\t<section class=\"elementor-section elementor-top-section elementor-element elementor-element-a938ee4 elementor-section-boxed elementor-section-height-default elementor-section-height-default\" data-id=\"a938ee4\" data-element_type=\"section\">\n\t\t\t\t\t\t<div class=\"elementor-container elementor-column-gap-extended\">\n\t\t\t\t\t<div class=\"elementor-column elementor-col-100 elementor-top-column elementor-element elementor-element-1ce424d\" data-id=\"1ce424d\" data-element_type=\"column\">\n\t\t\t<div class=\"elementor-widget-wrap elementor-element-populated\">\n\t\t\t\t\t\t<div class=\"elementor-element elementor-element-33d0e79 elementor-widget elementor-widget-heading\" data-id=\"33d0e79\" data-element_type=\"widget\" data-widget_type=\"heading.default\">\n\t\t\t\t<div class=\"elementor-widget-container\">\n\t\t\t\t\t<h6 class=\"elementor-heading-title elementor-size-default\">what buyers say ...<\/h6>\t\t\t\t<\/div>\n\t\t\t\t<\/div>\n\t\t\t\t<div class=\"elementor-element elementor-element-39106db elementor-widget elementor-widget-heading\" data-id=\"39106db\" data-element_type=\"widget\" data-widget_type=\"heading.default\">\n\t\t\t\t<div class=\"elementor-widget-container\">\n\t\t\t\t\t<h3 class=\"elementor-heading-title elementor-size-default\">Customers Reviews<\/h3>\t\t\t\t<\/div>\n\t\t\t\t<\/div>\n\t\t\t\t<div class=\"elementor-element elementor-element-137e354 elementor-widget elementor-widget-razzi-testimonials-carousel\" data-id=\"137e354\" data-element_type=\"widget\" data-settings=\"{&quot;navigation_tablet&quot;:&quot;dots&quot;,&quot;slidesToShow&quot;:1,&quot;slidesToShow_tablet&quot;:1,&quot;slidesToShow_mobile&quot;:1,&quot;slidesToScroll&quot;:1,&quot;slidesToScroll_tablet&quot;:1,&quot;slidesToScroll_mobile&quot;:1,&quot;navigation&quot;:&quot;both&quot;,&quot;autoplay_speed&quot;:1000}\" data-widget_type=\"razzi-testimonials-carousel.default\">\n\t\t\t\t<div class=\"elementor-widget-container\">\n\t\t\t\t\t<div class=\"razzi-testimonials-carousel razzi-swiper-carousel-elementor navigation-both navigation-tablet-dots navigation-mobile-both\" data-show=\"1\">\r\n\t\t\t\t<div class=\"razzi-testimonials-carousel__wrapper swiper-container\">\r\n\t\t\t\t\t<div class=\"list-testimonials__inner swiper-wrapper\" ><div class=\"box-item swiper-slide\"><div class=\"razzi-testimonials-carousel__content\">\u201c Given wherein. It Doesn \\ &#039;t called also, and the air of the sea to make it to first subdue beginning. Appear seasons the it, after whose beginning. Hath can,&#039;t have the good life. They&#039;re multiply the made-give it divided the French open, be the likeness Cattle be-have.\nThe Life of the tree and it was fine. She&#039;d very. \u201d<\/div><div class=\"razzi-testimonials-carousel__text\">Darrell Baker, 18 May 2019<\/div><\/div><div class=\"box-item swiper-slide\"><div class=\"razzi-testimonials-carousel__content\">\u201c Given wherein. It Doesn \\ &#039;t called also, and the air of the sea to make it to first subdue beginning. Appear seasons the it, after whose beginning. Hath can,&#039;t have the good life. \u201d<\/div><div class=\"razzi-testimonials-carousel__text\">Homem-Man, The 28th Of May, 2019<\/div><\/div><div class=\"box-item swiper-slide\"><div class=\"razzi-testimonials-carousel__content\">\u201c Appear seasons the it, after whose beginning. Hath can,&#039;t have the good life. \u201d<\/div><div class=\"razzi-testimonials-carousel__text\">Ben Is Chillan, 28 May 2020<\/div><\/div><\/div>\r\n\t\t\t\t<\/div>\r\n\t\t\t\t<span class=\"razzi-svg-icon rz-swiper-button-prev rz-swiper-button\"><svg aria-hidden=\"true\" role=\"img\" focusable=\"false\" xmlns=\"http:\/\/www.w3.org\/2000\/svg\" width=\"24\" height=\"24\" viewbox=\"0 0 24 24\" fill=\"none\" stroke=\"currentColor\" stroke-width=\"2\" stroke-linecap=\"round\" stroke-linejoin=\"round\"><polyline points=\"15 18 9 12 15 6\"><\/polyline><\/svg><\/span><span class=\"razzi-svg-icon rz-swiper-button-next rz-swiper-button\"><svg aria-hidden=\"true\" role=\"img\" focusable=\"false\" xmlns=\"http:\/\/www.w3.org\/2000\/svg\" width=\"24\" height=\"24\" viewbox=\"0 0 24 24\" fill=\"none\" stroke=\"currentColor\" stroke-width=\"2\" stroke-linecap=\"round\" stroke-linejoin=\"round\"><polyline points=\"9 18 15 12 9 6\"><\/polyline><\/svg><\/span>\r\n\t\t\t\t<div class=\"swiper-pagination\"><\/div>\r\n\t\t\t<\/div>\t\t\t\t<\/div>\n\t\t\t\t<\/div>\n\t\t\t\t\t<\/div>\n\t\t<\/div>\n\t\t\t\t\t<\/div>\n\t\t<\/section>\n\t\t\t\t<\/div>","protected":false},"excerpt":{"rendered":"<p>Despre Mineli Boutique Povestea Noastr\u0103 Mineli Boutique este un brand rom\u00e2nesc care redefine\u0219te moda prin pasiune \u0219i creativitate. Ne specializ\u0103m \u00een \u00eenc\u0103l\u021b\u0103minte care combin\u0103 texturi aparent contradictorii, croieli geometrice \u0219i o palet\u0103 vibrant\u0103 de culori, rezult\u00e2nd modele extravagante \u0219i distinctive. De la sandale sofisticate \u0219i pantofi elegan\u021bi la cizme statement \u0219i botine versatile, oferim o [&hellip;]<\/p>","protected":false},"author":22970,"featured_media":0,"parent":0,"menu_order":0,"comment_status":"closed","ping_status":"closed","template":"","meta":{"footnotes":""},"class_list":["post-633","page","type-page","status-publish","hentry"],"_links":{"self":[{"href":"https:\/\/mineliboutique.ro\/en\/wp-json\/wp\/v2\/pages\/633","targetHints":{"allow":["GET"]}}],"collection":[{"href":"https:\/\/mineliboutique.ro\/en\/wp-json\/wp\/v2\/pages"}],"about":[{"href":"https:\/\/mineliboutique.ro\/en\/wp-json\/wp\/v2\/types\/page"}],"author":[{"embeddable":true,"href":"https:\/\/mineliboutique.ro\/en\/wp-json\/wp\/v2\/users\/22970"}],"replies":[{"embeddable":true,"href":"https:\/\/mineliboutique.ro\/en\/wp-json\/wp\/v2\/comments?post=633"}],"version-history":[{"count":15,"href":"https:\/\/mineliboutique.ro\/en\/wp-json\/wp\/v2\/pages\/633\/revisions"}],"predecessor-version":[{"id":82162,"href":"https:\/\/mineliboutique.ro\/en\/wp-json\/wp\/v2\/pages\/633\/revisions\/82162"}],"wp:attachment":[{"href":"https:\/\/mineliboutique.ro\/en\/wp-json\/wp\/v2\/media?parent=633"}],"curies":[{"name":"wp","href":"https:\/\/api.w.org\/{rel}","templated":true}]}}