{"id":81866,"date":"2025-06-10T16:35:32","date_gmt":"2025-06-10T13:35:32","guid":{"rendered":"https:\/\/mineliboutique.ro\/?page_id=81866"},"modified":"2025-06-10T16:36:06","modified_gmt":"2025-06-10T13:36:06","slug":"expediere-si-livrare","status":"publish","type":"page","link":"https:\/\/mineliboutique.ro\/en\/expediere-si-livrare\/","title":{"rendered":"Expediere si Livrare"},"content":{"rendered":"<h3>1. Politica de livrare<\/h3>\n<p>Livrarea gratuita pe tot teritoriul \u021b\u0103rii in raza de acoperire a FANCURIER. In cazul in care exista kilometrii suplimentari, taxa de livrare o sa fie suportata de client.<\/p>\n<h3>2. Urm\u0103rirea &amp; procesarea comenzilor<\/h3>\n<p>Toate comenzile se vor procesa \u0219i se vor expedia \u00een termen de maxim 14 zile lucr\u0103toare \u00een eventualitatea \u00een care produsele nu exist\u0103 pe stoc. Un mail de confirmare al comenzii va fi trimis \u00een momentul \u00een care comanda va fi expediat\u0103.<\/p>\n<p><strong>Livr\u0103ri locale<\/strong><\/p>\n<p>Pe teritoriul Bucure\u0219tiului \u2013 livrarea se face prin FANCURIER sau gratuit prin ridicare personala din SHOWROOM<\/p>\n<p>Pe teritoriul Rom\u00e2niei\u2013 livrarea se face prin FANCURIER<\/p>\n<h3>3. Metode de plat\u0103<\/h3>\n<p>Accept\u0103m pl\u0103\u021bi via VISA\/MASTER carduri de credit \u0219i debit, American Express, PayPal.<\/p>","protected":false},"excerpt":{"rendered":"<p>1. Politica de livrare Livrarea gratuita pe tot teritoriul \u021b\u0103rii in raza de acoperire a FANCURIER. In cazul in care exista kilometrii suplimentari, taxa de livrare o sa fie suportata de client. 2. Urm\u0103rirea &amp; procesarea comenzilor Toate comenzile se vor procesa \u0219i se vor expedia \u00een termen de maxim 14 zile lucr\u0103toare \u00een eventualitatea [&hellip;]<\/p>\n","protected":false},"author":22970,"featured_media":0,"parent":0,"menu_order":0,"comment_status":"closed","ping_status":"closed","template":"","meta":{"footnotes":""},"class_list":["post-81866","page","type-page","status-publish","hentry"],"_links":{"self":[{"href":"https:\/\/mineliboutique.ro\/en\/wp-json\/wp\/v2\/pages\/81866","targetHints":{"allow":["GET"]}}],"collection":[{"href":"https:\/\/mineliboutique.ro\/en\/wp-json\/wp\/v2\/pages"}],"about":[{"href":"https:\/\/mineliboutique.ro\/en\/wp-json\/wp\/v2\/types\/page"}],"author":[{"embeddable":true,"href":"https:\/\/mineliboutique.ro\/en\/wp-json\/wp\/v2\/users\/22970"}],"replies":[{"embeddable":true,"href":"https:\/\/mineliboutique.ro\/en\/wp-json\/wp\/v2\/comments?post=81866"}],"version-history":[{"count":1,"href":"https:\/\/mineliboutique.ro\/en\/wp-json\/wp\/v2\/pages\/81866\/revisions"}],"predecessor-version":[{"id":81868,"href":"https:\/\/mineliboutique.ro\/en\/wp-json\/wp\/v2\/pages\/81866\/revisions\/81868"}],"wp:attachment":[{"href":"https:\/\/mineliboutique.ro\/en\/wp-json\/wp\/v2\/media?parent=81866"}],"curies":[{"name":"wp","href":"https:\/\/api.w.org\/{rel}","templated":true}]}}