{"id":81882,"date":"2025-06-10T16:39:53","date_gmt":"2025-06-10T13:39:53","guid":{"rendered":"https:\/\/mineliboutique.ro\/?page_id=81882"},"modified":"2025-06-10T16:39:53","modified_gmt":"2025-06-10T13:39:53","slug":"povestea-noastra","status":"publish","type":"page","link":"https:\/\/mineliboutique.ro\/en\/povestea-noastra\/","title":{"rendered":"Povestea noastra"},"content":{"rendered":"<h3 class=\"tu fs__20\">Misiunea Noastra<\/h3>\n<p>Experimentam si jonglam cu texturi controversate precum plasticul colorat, glitterul multicolor, pielea lacuita, denimul si catifeaua pretioasa, rezult\u00e2nd item-uri care s\u0103 ofere o not\u0103 sexy \u0219i glamouroas\u0103 \u021binutelor. Designerii no\u0219tri au \u00eemprumutat referin\u021be de pe \u00eentreg mapamondul \u0219i au creat o multitudine de modele inspirate din eclecticismul \u0219i prospe\u021bimea fiec\u0103rei perioade de timp din care s-au inspirat.[\/vc_column_text][vc_column_text]<\/p>\n<h3 class=\"tu fs__20\">Filosofia\u00a0noastr\u0103<\/h3>\n<p>Celebrarea sim\u021bului estetic \u0219I stilului personal al fiec\u0103rei femei prin integrarea materialelor pre\u021bioase \u0219i broderiilor cu motive tradi\u021bionale rom\u00e2ne\u0219ti, menite s\u0103 pun\u0103 \u00een eviden\u021b\u0103 \u0219i s\u0103 complimenteze fine\u021bea \u0219i feminitatea.[\/vc_column_text][\/vc_column][vc_column width=\u201d1\/2\u2033][vc_column_text]<\/p>\n<h3 class=\"tu fs__20\">Povestea\u00a0noastr\u0103<\/h3>\n<p>Inovativ \u0219i mereu \u00een pas cu moda, Mineli se identific\u0103 ca fiind un brand rom\u00e2nesc de \u00eenc\u0103l\u021b\u0103minte ce \u00eembin\u0103 texturi aparent contradictorii, croielile geometrice \u0219i pasiunea, toate pentru a r\u0103sf\u0103\u021ba femeia cu cele mai extravagante \u0219i deosebite modele de pantofi. Acesta prezint\u0103 o vast\u0103 selec\u021bie de \u00eenc\u0103l\u021b\u0103minte casual, business sau sport, \u00eembin\u00e2nd \u00een toate colec\u021biile sale estetica, pasiunea \u0219i inova\u021bia.<\/p>\n<p>Cu mult\u0103 \u00eencredere \u0219i dedicare, designerii no\u0219tri au adus \u015fi au produs pentru pia\u021ba din Rom\u00e2nia ceea ce marile case de mod\u0103 interna\u0163ionale creeaz\u0103, tocuri excentrice pe diferite dimensiuni sau platforme cu diferite forme. Cu ajutorul unei vaste palete de culori de piele au \u00eenceput s\u0103 combine \u00eendr\u0103zne\u0163 ceea ce acum une\u015fte 10 magazine Mineli Boutique, francize \u015fi multe alte colaborari.<\/p>\n","protected":false},"excerpt":{"rendered":"<p>Misiunea Noastra Experimentam si jonglam cu texturi controversate precum plasticul colorat, glitterul multicolor, pielea lacuita, denimul si catifeaua pretioasa, rezult\u00e2nd item-uri care s\u0103 ofere o not\u0103 sexy \u0219i glamouroas\u0103 \u021binutelor. Designerii no\u0219tri au \u00eemprumutat referin\u021be de pe \u00eentreg mapamondul \u0219i au creat o multitudine de modele inspirate din eclecticismul \u0219i prospe\u021bimea fiec\u0103rei perioade de timp [&hellip;]<\/p>\n","protected":false},"author":22970,"featured_media":0,"parent":0,"menu_order":0,"comment_status":"closed","ping_status":"closed","template":"","meta":{"footnotes":""},"class_list":["post-81882","page","type-page","status-publish","hentry"],"_links":{"self":[{"href":"https:\/\/mineliboutique.ro\/en\/wp-json\/wp\/v2\/pages\/81882","targetHints":{"allow":["GET"]}}],"collection":[{"href":"https:\/\/mineliboutique.ro\/en\/wp-json\/wp\/v2\/pages"}],"about":[{"href":"https:\/\/mineliboutique.ro\/en\/wp-json\/wp\/v2\/types\/page"}],"author":[{"embeddable":true,"href":"https:\/\/mineliboutique.ro\/en\/wp-json\/wp\/v2\/users\/22970"}],"replies":[{"embeddable":true,"href":"https:\/\/mineliboutique.ro\/en\/wp-json\/wp\/v2\/comments?post=81882"}],"version-history":[{"count":1,"href":"https:\/\/mineliboutique.ro\/en\/wp-json\/wp\/v2\/pages\/81882\/revisions"}],"predecessor-version":[{"id":81883,"href":"https:\/\/mineliboutique.ro\/en\/wp-json\/wp\/v2\/pages\/81882\/revisions\/81883"}],"wp:attachment":[{"href":"https:\/\/mineliboutique.ro\/en\/wp-json\/wp\/v2\/media?parent=81882"}],"curies":[{"name":"wp","href":"https:\/\/api.w.org\/{rel}","templated":true}]}}