{"id":81888,"date":"2025-06-10T16:40:58","date_gmt":"2025-06-10T13:40:58","guid":{"rendered":"https:\/\/mineliboutique.ro\/?page_id=81888"},"modified":"2025-06-10T16:40:58","modified_gmt":"2025-06-10T13:40:58","slug":"politica-de-retur","status":"publish","type":"page","link":"https:\/\/mineliboutique.ro\/en\/politica-de-retur\/","title":{"rendered":"Politica de retur"},"content":{"rendered":"<ul>\n<li><strong>CUMP\u0102R\u0102TORUL ARE DREPTUL S\u0102 RETURNEZE COLETUL \u00ceN TERMEN DE 14 ZILE CALENDARISTICE DE LA PRIMIREA PRODUSULUI.<\/strong><\/li>\n<li><strong>CHELTUIELILE DIRECTE DE RETURNARE SAU SCHIMB A PRODUSELOR SUNT \u00ceN SARCINA CUMP\u0102R\u0102TORULUI (TAXA TRANSPORT)<\/strong><\/li>\n<\/ul>\n<hr \/>\n<p><strong>PASUL 1:<\/strong><\/p>\n<p>Pentru returnarea coletului trebuie s\u0103 completati formularul de retur\u00a0( \u00a0<a href=\"https:\/\/mineliboutique.ro\/wp-content\/uploads\/2020\/09\/FORMULAR-RETUR-MineliBoutique.docx\">DESCARCA AICI\u00a0<\/a>)\u00a0urmand a fi atasat in colet\u00a0.<\/p>\n<p><strong>PASUL 2:<\/strong><\/p>\n<p>Coletul se expediaza prin orice firma de curierat exclus Posta Romana pe adresa:<\/p>\n<p>STRADA COSTISA 22 , SECTOR 6, BUCURESTI<\/p>\n<hr \/>\n<p>Rambursarea sumelor se va face \u00een cel mult 14 de zile de la data accept\u0103rii returului de c\u0103tre SIA DESIGN&amp;FASHION. Pentru a fi acceptat\u0103 returnarea produselor, acestea trebuie s\u0103 fie \u00een aceea\u015fi stare \u00een care v-au fost livrate (s\u0103 aib\u0103 etichetele originale Mineli, s\u0103 nu fie purtate sau deteriorate; integritatea documentelor \u00eenso\u0163itoare). Coletul trebuie s\u0103 con\u0163in\u0103 \u015fi Formular de Retur completat cu toate informa\u0163iile necesare.<\/p>\n<p>Pentru a putea solu\u0163iona c\u00e2t mai repede cererea dumneavoastr\u0103 de restituire, v\u0103 recomand\u0103m s\u0103 rambursa\u0163i produsele prin intermediul firmelor de currierat \u015fi nu prin intermediul Po\u015ftei Rom\u00e2ne. Cump\u0103r\u0103torul poate opta pentru \u00eenlocuirea produsului returnat cu un altul disponibil pe stoc.<\/p>\n<p>\u00cen cazul \u00een care dori\u0163i \u00eenlocuirea produsului returnat cu un altul disponibil, cheltuielile cu livrarea vor fi suportate de dumneavoastr\u0103, ca \u015fi client. \u00cenlocuirea cu un produs cu o valoare mai mare presupune plata diferen\u0163ei prin ramburs la primirea coletului. Rambursarea contravalorii produsului returnat se va face \u00een cel mult 14 de zile calendaristice prin transfer bancar \u00een contul IBAN specificat \u00een Formularul de Retur.<\/p>\n<p>In cazul in care doriti inlocurirea produslui, coletul ce urmeaza sa fie returnat trebuie trimis pentru a fi verificat anterior livrarii prodului inlocuit.<\/p>\n<p>Pentru produsele ale c\u0103ror colete prezint\u0103 deterior\u0103ri vizibile la primirea prin curier, v\u0103 recomand\u0103m s\u0103 refuza\u0163i recep\u0163ia lor.<\/p>","protected":false},"excerpt":{"rendered":"<p>CUMP\u0102R\u0102TORUL ARE DREPTUL S\u0102 RETURNEZE COLETUL \u00ceN TERMEN DE 14 ZILE CALENDARISTICE DE LA PRIMIREA PRODUSULUI. CHELTUIELILE DIRECTE DE RETURNARE SAU SCHIMB A PRODUSELOR SUNT \u00ceN SARCINA CUMP\u0102R\u0102TORULUI (TAXA TRANSPORT) PASUL 1: Pentru returnarea coletului trebuie s\u0103 completati formularul de retur\u00a0( \u00a0DESCARCA AICI\u00a0)\u00a0urmand a fi atasat in colet\u00a0. PASUL 2: Coletul se expediaza prin orice [&hellip;]<\/p>\n","protected":false},"author":22970,"featured_media":0,"parent":0,"menu_order":0,"comment_status":"closed","ping_status":"closed","template":"","meta":{"footnotes":""},"class_list":["post-81888","page","type-page","status-publish","hentry"],"_links":{"self":[{"href":"https:\/\/mineliboutique.ro\/en\/wp-json\/wp\/v2\/pages\/81888","targetHints":{"allow":["GET"]}}],"collection":[{"href":"https:\/\/mineliboutique.ro\/en\/wp-json\/wp\/v2\/pages"}],"about":[{"href":"https:\/\/mineliboutique.ro\/en\/wp-json\/wp\/v2\/types\/page"}],"author":[{"embeddable":true,"href":"https:\/\/mineliboutique.ro\/en\/wp-json\/wp\/v2\/users\/22970"}],"replies":[{"embeddable":true,"href":"https:\/\/mineliboutique.ro\/en\/wp-json\/wp\/v2\/comments?post=81888"}],"version-history":[{"count":1,"href":"https:\/\/mineliboutique.ro\/en\/wp-json\/wp\/v2\/pages\/81888\/revisions"}],"predecessor-version":[{"id":81889,"href":"https:\/\/mineliboutique.ro\/en\/wp-json\/wp\/v2\/pages\/81888\/revisions\/81889"}],"wp:attachment":[{"href":"https:\/\/mineliboutique.ro\/en\/wp-json\/wp\/v2\/media?parent=81888"}],"curies":[{"name":"wp","href":"https:\/\/api.w.org\/{rel}","templated":true}]}}