{"id":82158,"date":"2025-06-21T14:36:59","date_gmt":"2025-06-21T11:36:59","guid":{"rendered":"https:\/\/mineliboutique.ro\/?page_id=82158"},"modified":"2025-06-21T14:39:49","modified_gmt":"2025-06-21T11:39:49","slug":"termeni-si-conditii2","status":"publish","type":"page","link":"https:\/\/mineliboutique.ro\/en\/termeni-si-conditii2\/","title":{"rendered":"Termeni si conditii"},"content":{"rendered":"<p>Site ul de fa\u021b\u0103 este proprietatea SC MINELI DESIGN FASHION SRL, cu sediul \u00een Bucure\u0219ti, Sos Berceni nr 8 sector 4 denumit\u0103 \u00een cele ce urmeaz\u0103 <strong>Mineliboutique<\/strong>.<\/p>\n<p>Utilizatorul sau clientul este singurul responsabil pentru activita\u021bile ce decurg din folosirea site-ului \u0219i con\u021binutului acestuia. R\u0103spunderea pentru orice daune materiale, intelectuale sau electronice sau de orice alt\u0103 natur\u0103 produse site-ului \u0219i con\u021binutului s\u0103u,\u00a0<strong>Mineliboutique<\/strong>\u00a0\u0219i ter\u021bilor cu care\u00a0<strong>Mineliboutique<\/strong>\u00a0are \u00eencheiate contracte revine \u00een totalitate utilizatorului.<\/p>\n<p>Tot con\u021binutul (incluz\u00e2nd text, imagini, con\u021binut multimedia, dar nelimit\u00e2ndu-se la acestea) prezente pe acest site sunt proprietatea intelectual\u0103 a\u00a0<strong>S.C. SIA DESIGN&amp;FASHION S.R.L<\/strong>\u00a0\u0219i a altor ter\u021bi cu care compania are sau nu \u00eencheiate contracte, caz \u00een care este specificat proprietarul de drept al respectivului con\u021binut.<\/p>\n<p><strong>Utilizatorul sau clientul poate copia, transfera sau utiliza con\u021binutul aflat pe acest site doar \u00een scopuri personale, non-comerciale.<\/strong><\/p>\n<p>Mineliboutique public\u0103 pe site datele complete \u0219i corecte de identificare \u0219i contact. Prin utilizarea formularului de contact sau utilizarea oric\u0103ror alte modalit\u0103\u021bi de contact, utilizatorul sau clientul permite\u00a0<strong>Mineliboutique<\/strong>\u00a0contactarea sa prin orice mijloc disponibil.<\/p>\n<p>Accesarea site-ului si a informa\u021biilor prezentate \u00een cadrul s\u0103u se face \u00een mod electronic.\u00a0<strong>Mineliboutique<\/strong>\u00a0\u00ee\u0219i rezerv\u0103 dreptul de a nu r\u0103spunde tuturor solicit\u0103rilor, oricare ar fi natura acestora, exprimate prin mijloacele de comunicare \u0219i contact prezentate pe site.<\/p>\n<p>Prin completarea formularului de \u00eenscriere la Newsletter utilizatorul sau clientul \u00ee\u0219i exprim\u0103 acordul de a primi inform\u0103ri de natur\u0103 comercial\u0103 din partea\u00a0<strong>Mineliboutique<\/strong>. Datele colectate de la utilizator sau client se vor folosi \u00een limitele Politicii de confiden\u021bialitate.<\/p>\n<p><strong>Utilizatorul sau clientul poate renun\u021ba \u00een orice moment la a primi newsletterul folosind linkul de dezabonare situat \u00een footer-ul fiec\u0103rui email trimis.<\/strong>\u00a0Mineliboutique \u00ee\u0219i rezerv\u0103 dreptul de a selec\u021biona utilizatorii \u0219i clien\u021bii c\u0103rora le trimite newsletter c\u00e2t \u0219i de a elimina din baza de date orice utilizator, chiar dac\u0103 acesta \u0219i-a exprimat acordul \u00een a primi buletinele informative cu caracter comercial.<\/p>\n<p><strong>Accesul la serviciul de v\u00e2nzare online le este permis tuturor utilizatorilor care \u00ee\u0219i creeaz\u0103 cont.<\/strong>\u00a0Mineliboutique \u00ee\u0219i rezerv\u0103 dreptul de a limita accesul utilizatorului la acest serviciu, \u00een baza comportamentului s\u0103u anterior. Contul creat pe site-ul\u00a0<strong>Mineliboutique<\/strong>\u00a0este personal \u0219i nu poate fi transmis ter\u021bilor.<\/p>\n<p><strong>Mineliboutique<\/strong>\u00a0public\u0103 pe site-ul s\u0103u informa\u021bii despre produsele, serviciile, promo\u021biile \u0219i reducerile practicate \u00eentr-o anumit\u0103 perioad\u0103 \u0219i \u00een limita stocului disponibil.\u00a0<strong>Toate pre\u021burile afi\u0219ate pe site includ TVA \u0219i facturarea se face exclusiv \u00een lei.<\/strong><\/p>\n<p>Toate informa\u021biile folosite \u00een descrierea produselor disponibile pe site nu reprezint\u0103 o obliga\u021bie contractual\u0103 din partea MINELIBOUTIQUE, acestea fiind cu titlu de prezentare.<\/p>\n<p><strong>Mineliboutique \u00ee\u0219i rezerv\u0103 dreptul de a modifica pre\u021burile pentru produsele disponibile pe site f\u0103r\u0103 notificarea prealabil\u0103 a utilizatorului sau clientului.<\/strong>\u00a0Pre\u021bul de v\u00e2nzare este cel valabil \u00een momentul \u00eenregistr\u0103rii comenzii, \u00een limita stocului disponibil. Modificarea pre\u021bului de achizi\u021bie al produselor dintr-o comand\u0103 deja \u00eenregistrat\u0103 este posibil\u0103 doar cu acordul p\u0103r\u021bilor.<\/p>\n<p><strong>Clientul poate efectua comenzi exclusiv prin intermediul site-ului<\/strong>. Prin finalizarea comenzii clientul declar\u0103 c\u0103 toate datele furnizate de acesta \u00een vederea ac\u021biunii de cump\u0103rare sunt corecte, complete \u0219i adev\u0103rate la data plas\u0103rii comenzii \u0219i \u00ee\u0219i exprim\u0103 acordul \u00een a fi contactat de c\u0103tre\u00a0<strong>Mineliboutique<\/strong>\u00a0\u00een vederea execut\u0103rii contractului de v\u00e2nzare la distan\u021b\u0103 (validarea comenzii plasate, stabilirea detaliilor de livrare).<\/p>\n<p><strong>Mineliboutique<\/strong>\u00a0poate denun\u021ba unilateral comanda plasat\u0103 de c\u0103tre client, f\u0103r\u0103 nicio obliga\u021bie ulterioar\u0103 \u0219i f\u0103r\u0103 posibilitatea celeilalte p\u0103r\u021bi de a pretinde daune-interese \u00een cazul \u00een care datele furnizate de c\u0103tre utilizator sau client sunt incomplete sau incorecte, activitatea utilizatorului sau clientului poate produce daune de orice natur\u0103 pentru sau f\u0103r\u0103 nicio justificare.<\/p>\n<p><strong>Mineliboutique va include \u00een fiecare colet expediat c\u0103tre client toate documentele necesare care atest\u0103 achizi\u021bionarea produselor.<\/strong><\/p>\n<p>Transportul produselor se efectueaz\u0103 prin metodele descrise \u00een Modalit\u0103\u021bi de livrare.<\/p>\n<p><strong>Mineliboutique nu garanteaz\u0103 disponibilitatea pe stoc a unui produs expus spre v\u00e2nzare pe site,<\/strong>\u00a0dar depune toate eforturile ca produsele afi\u0219ate \u00een magazinul online s\u0103 fie disponibile spre achizi\u021bie utilizatorilor site-ului.<\/p>\n<p><strong>Mineliboutique<\/strong>\u00a0ofer\u0103 posibilitatea de retur a produselor, conform Termenilor \u0219i condi\u021biilor de retur.<\/p>","protected":false},"excerpt":{"rendered":"<p>Site ul de fa\u021b\u0103 este proprietatea SC MINELI DESIGN FASHION SRL, cu sediul \u00een Bucure\u0219ti, Sos Berceni nr 8 sector 4 denumit\u0103 \u00een cele ce urmeaz\u0103 Mineliboutique. Utilizatorul sau clientul este singurul responsabil pentru activita\u021bile ce decurg din folosirea site-ului \u0219i con\u021binutului acestuia. R\u0103spunderea pentru orice daune materiale, intelectuale sau electronice sau de orice alt\u0103 [&hellip;]<\/p>\n","protected":false},"author":22970,"featured_media":0,"parent":0,"menu_order":0,"comment_status":"closed","ping_status":"closed","template":"","meta":{"footnotes":""},"class_list":["post-82158","page","type-page","status-publish","hentry"],"_links":{"self":[{"href":"https:\/\/mineliboutique.ro\/en\/wp-json\/wp\/v2\/pages\/82158","targetHints":{"allow":["GET"]}}],"collection":[{"href":"https:\/\/mineliboutique.ro\/en\/wp-json\/wp\/v2\/pages"}],"about":[{"href":"https:\/\/mineliboutique.ro\/en\/wp-json\/wp\/v2\/types\/page"}],"author":[{"embeddable":true,"href":"https:\/\/mineliboutique.ro\/en\/wp-json\/wp\/v2\/users\/22970"}],"replies":[{"embeddable":true,"href":"https:\/\/mineliboutique.ro\/en\/wp-json\/wp\/v2\/comments?post=82158"}],"version-history":[{"count":1,"href":"https:\/\/mineliboutique.ro\/en\/wp-json\/wp\/v2\/pages\/82158\/revisions"}],"predecessor-version":[{"id":82159,"href":"https:\/\/mineliboutique.ro\/en\/wp-json\/wp\/v2\/pages\/82158\/revisions\/82159"}],"wp:attachment":[{"href":"https:\/\/mineliboutique.ro\/en\/wp-json\/wp\/v2\/media?parent=82158"}],"curies":[{"name":"wp","href":"https:\/\/api.w.org\/{rel}","templated":true}]}}