{"id":81943,"date":"2025-06-20T13:19:54","date_gmt":"2025-06-20T10:19:54","guid":{"rendered":"https:\/\/mineliboutique.ro\/?post_type=product&#038;p=81943"},"modified":"2025-11-23T17:06:10","modified_gmt":"2025-11-23T15:06:10","slug":"sandale-ruby-navy","status":"publish","type":"product","link":"https:\/\/mineliboutique.ro\/en\/shop\/sandale-ruby-navy\/","title":{"rendered":"RUBY"},"content":{"rendered":"<p>Sandale de dam\u0103 din satin albastru, cu un luciu discret \u0219i rafinat. Bareta lat\u0103, accesorizat\u0103 cu o cataram\u0103 supradimensionat\u0103 decorat\u0103 cu strasuri, atrage imediat aten\u021bia \u0219i adaug\u0103 un efect glam spectaculos. Brantul maro creeaz\u0103 un contrast elegant cu exteriorul albastru, subliniind rafinamentul \u0219i caracterul sofisticat al designului.<\/p>","protected":false},"excerpt":{"rendered":"<p>Sandale de dam\u0103 din satin albastru, cu un luciu discret \u0219i rafinat. Bareta lat\u0103, accesorizat\u0103 cu o cataram\u0103 supradimensionat\u0103 decorat\u0103 cu strasuri, atrage imediat aten\u021bia \u0219i adaug\u0103 un efect glam spectaculos. Brantul maro creeaz\u0103 un contrast elegant cu exteriorul albastru, subliniind rafinamentul \u0219i caracterul sofisticat al designului.<\/p>","protected":false},"featured_media":81957,"comment_status":"open","ping_status":"closed","template":"","meta":[],"product_brand":[],"product_cat":[1537,1091,225],"product_tag":[],"woo-feed-brand":[],"class_list":{"0":"post-81943","1":"product","2":"type-product","3":"status-publish","4":"has-post-thumbnail","6":"product_cat-black-friday","7":"product_cat-precomanda","8":"product_cat-sandale","10":"first","11":"instock","12":"sale","13":"shipping-taxable","14":"purchasable","15":"product-type-variable"},"_links":{"self":[{"href":"https:\/\/mineliboutique.ro\/en\/wp-json\/wp\/v2\/product\/81943","targetHints":{"allow":["GET"]}}],"collection":[{"href":"https:\/\/mineliboutique.ro\/en\/wp-json\/wp\/v2\/product"}],"about":[{"href":"https:\/\/mineliboutique.ro\/en\/wp-json\/wp\/v2\/types\/product"}],"replies":[{"embeddable":true,"href":"https:\/\/mineliboutique.ro\/en\/wp-json\/wp\/v2\/comments?post=81943"}],"wp:featuredmedia":[{"embeddable":true,"href":"https:\/\/mineliboutique.ro\/en\/wp-json\/wp\/v2\/media\/81957"}],"wp:attachment":[{"href":"https:\/\/mineliboutique.ro\/en\/wp-json\/wp\/v2\/media?parent=81943"}],"wp:term":[{"taxonomy":"product_brand","embeddable":true,"href":"https:\/\/mineliboutique.ro\/en\/wp-json\/wp\/v2\/product_brand?post=81943"},{"taxonomy":"product_cat","embeddable":true,"href":"https:\/\/mineliboutique.ro\/en\/wp-json\/wp\/v2\/product_cat?post=81943"},{"taxonomy":"product_tag","embeddable":true,"href":"https:\/\/mineliboutique.ro\/en\/wp-json\/wp\/v2\/product_tag?post=81943"},{"taxonomy":"woo-feed-brand","embeddable":true,"href":"https:\/\/mineliboutique.ro\/en\/wp-json\/wp\/v2\/woo-feed-brand?post=81943"}],"curies":[{"name":"wp","href":"https:\/\/api.w.org\/{rel}","templated":true}]}}