{"id":81944,"date":"2025-06-20T13:19:54","date_gmt":"2025-06-20T10:19:54","guid":{"rendered":"https:\/\/mineliboutique.ro\/?post_type=product&#038;p=81944"},"modified":"2025-11-23T17:03:54","modified_gmt":"2025-11-23T15:03:54","slug":"sandale-ella-green","status":"publish","type":"product","link":"https:\/\/mineliboutique.ro\/en\/shop\/sandale-ella-green\/","title":{"rendered":"ELLA"},"content":{"rendered":"<article class=\"text-token-text-primary w-full focus:outline-none [--shadow-height:45px] has-data-writing-block:pointer-events-none has-data-writing-block:-mt-(--shadow-height) has-data-writing-block:pt-(--shadow-height) [&amp;:has([data-writing-block])&gt;*]:pointer-events-auto [content-visibility:auto] supports-[content-visibility:auto]:[contain-intrinsic-size:auto_100lvh] scroll-mt-[calc(var(--header-height)+min(200px,max(70px,20svh)))]\" dir=\"auto\" tabindex=\"-1\" data-turn-id=\"request-WEB:182d6ba3-d0dd-4d42-9555-924d25766326-23\" data-testid=\"conversation-turn-48\" data-scroll-anchor=\"true\" data-turn=\"assistant\">\n<div class=\"text-base my-auto mx-auto pb-10 [--thread-content-margin:--spacing(4)] thread-sm:[--thread-content-margin:--spacing(6)] thread-lg:[--thread-content-margin:--spacing(16)] px-(--thread-content-margin)\">\n<div class=\"[--thread-content-max-width:40rem] thread-lg:[--thread-content-max-width:48rem] mx-auto max-w-(--thread-content-max-width) flex-1 group\/turn-messages focus-visible:outline-hidden relative flex w-full min-w-0 flex-col agent-turn\" tabindex=\"-1\">\n<div class=\"flex max-w-full flex-col grow\">\n<div class=\"min-h-8 text-message relative flex w-full flex-col items-end gap-2 text-start break-words whitespace-normal [.text-message+&amp;]:mt-1\" dir=\"auto\" data-message-author-role=\"assistant\" data-message-id=\"c4cf53c4-684e-4694-aa2d-fb1e98c4375e\" data-message-model-slug=\"gpt-5\">\n<div class=\"flex w-full flex-col gap-1 empty:hidden first:pt-[1px]\">\n<div class=\"markdown prose dark:prose-invert w-full break-words light markdown-new-styling\">\n<p data-start=\"94\" data-end=\"452\" data-is-last-node=\"\" data-is-only-node=\"\">Atrage toate privirile cu sandale spectaculoase \u00een nuan\u021b\u0103 vibrant\u0103 de verde metalizat. Realizate din piele l\u0103cuit\u0103 de \u00eenalt\u0103 calitate, adaug\u0103 un plus de elegan\u021b\u0103 \u0219i str\u0103lucire oric\u0103rei \u021binute. Tocul \u00eenalt \u0219i sub\u021bire, al\u0103turi de detaliul decorativ cu strasuri, confer\u0103 un accent sofisticat, perfect pentru evenimente speciale sau apari\u021bii \u00eendr\u0103zne\u021be de sear\u0103.<\/p>\n<\/div>\n<\/div>\n<\/div>\n<\/div>\n<div class=\"z-0 flex min-h-[46px] justify-start\"><\/div>\n<div class=\"mt-3 w-full empty:hidden\">\n<div class=\"text-center\"><\/div>\n<\/div>\n<\/div>\n<\/div>\n<\/article>\n<div class=\"pointer-events-none h-px w-px\" aria-hidden=\"true\" data-edge=\"true\"><\/div>","protected":false},"excerpt":{"rendered":"<p>Atrage toate privirile cu sandale spectaculoase \u00een nuan\u021b\u0103 vibrant\u0103 de verde metalizat. Realizate din piele l\u0103cuit\u0103 de \u00eenalt\u0103 calitate, adaug\u0103 un plus de elegan\u021b\u0103 \u0219i str\u0103lucire oric\u0103rei \u021binute. Tocul \u00eenalt \u0219i sub\u021bire, al\u0103turi de detaliul decorativ cu strasuri, confer\u0103 un accent sofisticat, perfect pentru evenimente speciale sau apari\u021bii \u00eendr\u0103zne\u021be de sear\u0103.<\/p>","protected":false},"featured_media":81956,"comment_status":"open","ping_status":"closed","template":"","meta":[],"product_brand":[],"product_cat":[1537,1091,225],"product_tag":[],"woo-feed-brand":[],"class_list":{"0":"post-81944","1":"product","2":"type-product","3":"status-publish","4":"has-post-thumbnail","6":"product_cat-black-friday","7":"product_cat-precomanda","8":"product_cat-sandale","10":"first","11":"instock","12":"sale","13":"shipping-taxable","14":"purchasable","15":"product-type-variable"},"_links":{"self":[{"href":"https:\/\/mineliboutique.ro\/en\/wp-json\/wp\/v2\/product\/81944","targetHints":{"allow":["GET"]}}],"collection":[{"href":"https:\/\/mineliboutique.ro\/en\/wp-json\/wp\/v2\/product"}],"about":[{"href":"https:\/\/mineliboutique.ro\/en\/wp-json\/wp\/v2\/types\/product"}],"replies":[{"embeddable":true,"href":"https:\/\/mineliboutique.ro\/en\/wp-json\/wp\/v2\/comments?post=81944"}],"wp:featuredmedia":[{"embeddable":true,"href":"https:\/\/mineliboutique.ro\/en\/wp-json\/wp\/v2\/media\/81956"}],"wp:attachment":[{"href":"https:\/\/mineliboutique.ro\/en\/wp-json\/wp\/v2\/media?parent=81944"}],"wp:term":[{"taxonomy":"product_brand","embeddable":true,"href":"https:\/\/mineliboutique.ro\/en\/wp-json\/wp\/v2\/product_brand?post=81944"},{"taxonomy":"product_cat","embeddable":true,"href":"https:\/\/mineliboutique.ro\/en\/wp-json\/wp\/v2\/product_cat?post=81944"},{"taxonomy":"product_tag","embeddable":true,"href":"https:\/\/mineliboutique.ro\/en\/wp-json\/wp\/v2\/product_tag?post=81944"},{"taxonomy":"woo-feed-brand","embeddable":true,"href":"https:\/\/mineliboutique.ro\/en\/wp-json\/wp\/v2\/woo-feed-brand?post=81944"}],"curies":[{"name":"wp","href":"https:\/\/api.w.org\/{rel}","templated":true}]}}