{"id":81945,"date":"2025-06-20T13:19:54","date_gmt":"2025-06-20T10:19:54","guid":{"rendered":"https:\/\/mineliboutique.ro\/?post_type=product&#038;p=81945"},"modified":"2025-11-23T17:00:34","modified_gmt":"2025-11-23T15:00:34","slug":"sandale-ella-orange","status":"publish","type":"product","link":"https:\/\/mineliboutique.ro\/en\/shop\/sandale-ella-orange\/","title":{"rendered":"ELLA"},"content":{"rendered":"<p>Sandale \u00eentr-o nuan\u021b\u0103 intens\u0103 de portocaliu lucios, care atrag privirile \u0219i adaug\u0103 un plus de energie oric\u0103rei \u021binute. Accesorizate cu un ac de siguran\u021b\u0103 decorativ, ornat cu strasuri fine, ofer\u0103 un detaliu glam \u0219i original, perfect pentru femeia care dore\u0219te s\u0103 ias\u0103 \u00een eviden\u021b\u0103 cu stil.<\/p>","protected":false},"excerpt":{"rendered":"<p>Sandale \u00eentr-o nuan\u021b\u0103 intens\u0103 de portocaliu lucios, care atrag privirile \u0219i adaug\u0103 un plus de energie oric\u0103rei \u021binute. Accesorizate cu un ac de siguran\u021b\u0103 decorativ, ornat cu strasuri fine, ofer\u0103 un detaliu glam \u0219i original, perfect pentru femeia care dore\u0219te s\u0103 ias\u0103 \u00een eviden\u021b\u0103 cu stil.<\/p>","protected":false},"featured_media":81955,"comment_status":"open","ping_status":"closed","template":"","meta":[],"product_brand":[],"product_cat":[1537,1091,225],"product_tag":[],"woo-feed-brand":[],"class_list":{"0":"post-81945","1":"product","2":"type-product","3":"status-publish","4":"has-post-thumbnail","6":"product_cat-black-friday","7":"product_cat-precomanda","8":"product_cat-sandale","10":"first","11":"instock","12":"sale","13":"shipping-taxable","14":"purchasable","15":"product-type-variable"},"_links":{"self":[{"href":"https:\/\/mineliboutique.ro\/en\/wp-json\/wp\/v2\/product\/81945","targetHints":{"allow":["GET"]}}],"collection":[{"href":"https:\/\/mineliboutique.ro\/en\/wp-json\/wp\/v2\/product"}],"about":[{"href":"https:\/\/mineliboutique.ro\/en\/wp-json\/wp\/v2\/types\/product"}],"replies":[{"embeddable":true,"href":"https:\/\/mineliboutique.ro\/en\/wp-json\/wp\/v2\/comments?post=81945"}],"wp:featuredmedia":[{"embeddable":true,"href":"https:\/\/mineliboutique.ro\/en\/wp-json\/wp\/v2\/media\/81955"}],"wp:attachment":[{"href":"https:\/\/mineliboutique.ro\/en\/wp-json\/wp\/v2\/media?parent=81945"}],"wp:term":[{"taxonomy":"product_brand","embeddable":true,"href":"https:\/\/mineliboutique.ro\/en\/wp-json\/wp\/v2\/product_brand?post=81945"},{"taxonomy":"product_cat","embeddable":true,"href":"https:\/\/mineliboutique.ro\/en\/wp-json\/wp\/v2\/product_cat?post=81945"},{"taxonomy":"product_tag","embeddable":true,"href":"https:\/\/mineliboutique.ro\/en\/wp-json\/wp\/v2\/product_tag?post=81945"},{"taxonomy":"woo-feed-brand","embeddable":true,"href":"https:\/\/mineliboutique.ro\/en\/wp-json\/wp\/v2\/woo-feed-brand?post=81945"}],"curies":[{"name":"wp","href":"https:\/\/api.w.org\/{rel}","templated":true}]}}