{"id":81949,"date":"2025-06-20T13:19:54","date_gmt":"2025-06-20T10:19:54","guid":{"rendered":"https:\/\/mineliboutique.ro\/?post_type=product&#038;p=81949"},"modified":"2025-11-23T16:45:25","modified_gmt":"2025-11-23T14:45:25","slug":"sandale-ruby-pink","status":"publish","type":"product","link":"https:\/\/mineliboutique.ro\/en\/shop\/sandale-ruby-pink\/","title":{"rendered":"RUBY"},"content":{"rendered":"<p>Adaug\u0103 un plus de rafinament \u0219i glamour \u021binutelor tale cu sandale spectaculoase din satin roz. Designul este eviden\u021biat de o bareta lat\u0103, decorat\u0103 cu o cataram\u0103 supradimensionat\u0103, str\u0103lucitoare, \u00eempodobit\u0103 cu strasuri fine. Tocul \u00eenalt \u0219i sub\u021bire confer\u0103 o postur\u0103 elegant\u0103 \u0219i feminin\u0103, transform\u00e2ndu-le \u00een alegerea ideal\u0103 pentru ocazii speciale.<\/p>","protected":false},"excerpt":{"rendered":"<p>Adaug\u0103 un plus de rafinament \u0219i glamour \u021binutelor tale cu sandale spectaculoase din satin roz. Designul este eviden\u021biat de o bareta lat\u0103, decorat\u0103 cu o cataram\u0103 supradimensionat\u0103, str\u0103lucitoare, \u00eempodobit\u0103 cu strasuri fine. Tocul \u00eenalt \u0219i sub\u021bire confer\u0103 o postur\u0103 elegant\u0103 \u0219i feminin\u0103, transform\u00e2ndu-le \u00een alegerea ideal\u0103 pentru ocazii speciale.<\/p>","protected":false},"featured_media":81951,"comment_status":"open","ping_status":"closed","template":"","meta":[],"product_brand":[],"product_cat":[1537,1091,225],"product_tag":[],"woo-feed-brand":[],"class_list":{"0":"post-81949","1":"product","2":"type-product","3":"status-publish","4":"has-post-thumbnail","6":"product_cat-black-friday","7":"product_cat-precomanda","8":"product_cat-sandale","10":"first","11":"instock","12":"sale","13":"shipping-taxable","14":"purchasable","15":"product-type-variable"},"_links":{"self":[{"href":"https:\/\/mineliboutique.ro\/en\/wp-json\/wp\/v2\/product\/81949","targetHints":{"allow":["GET"]}}],"collection":[{"href":"https:\/\/mineliboutique.ro\/en\/wp-json\/wp\/v2\/product"}],"about":[{"href":"https:\/\/mineliboutique.ro\/en\/wp-json\/wp\/v2\/types\/product"}],"replies":[{"embeddable":true,"href":"https:\/\/mineliboutique.ro\/en\/wp-json\/wp\/v2\/comments?post=81949"}],"wp:featuredmedia":[{"embeddable":true,"href":"https:\/\/mineliboutique.ro\/en\/wp-json\/wp\/v2\/media\/81951"}],"wp:attachment":[{"href":"https:\/\/mineliboutique.ro\/en\/wp-json\/wp\/v2\/media?parent=81949"}],"wp:term":[{"taxonomy":"product_brand","embeddable":true,"href":"https:\/\/mineliboutique.ro\/en\/wp-json\/wp\/v2\/product_brand?post=81949"},{"taxonomy":"product_cat","embeddable":true,"href":"https:\/\/mineliboutique.ro\/en\/wp-json\/wp\/v2\/product_cat?post=81949"},{"taxonomy":"product_tag","embeddable":true,"href":"https:\/\/mineliboutique.ro\/en\/wp-json\/wp\/v2\/product_tag?post=81949"},{"taxonomy":"woo-feed-brand","embeddable":true,"href":"https:\/\/mineliboutique.ro\/en\/wp-json\/wp\/v2\/woo-feed-brand?post=81949"}],"curies":[{"name":"wp","href":"https:\/\/api.w.org\/{rel}","templated":true}]}}