{"id":81963,"date":"2025-06-20T13:23:40","date_gmt":"2025-06-20T10:23:40","guid":{"rendered":"https:\/\/mineliboutique.ro\/?post_type=product&#038;p=81963"},"modified":"2025-11-23T16:35:12","modified_gmt":"2025-11-23T14:35:12","slug":"pantofi-anya-black","status":"publish","type":"product","link":"https:\/\/mineliboutique.ro\/en\/shop\/pantofi-anya-black\/","title":{"rendered":"ANYA"},"content":{"rendered":"<article class=\"text-token-text-primary w-full focus:outline-none [--shadow-height:45px] has-data-writing-block:pointer-events-none has-data-writing-block:-mt-(--shadow-height) has-data-writing-block:pt-(--shadow-height) [&amp;:has([data-writing-block])&gt;*]:pointer-events-auto [content-visibility:auto] supports-[content-visibility:auto]:[contain-intrinsic-size:auto_100lvh] scroll-mt-[calc(var(--header-height)+min(200px,max(70px,20svh)))]\" dir=\"auto\" tabindex=\"-1\" data-turn-id=\"request-WEB:182d6ba3-d0dd-4d42-9555-924d25766326-15\" data-testid=\"conversation-turn-32\" data-scroll-anchor=\"true\" data-turn=\"assistant\">\n<div class=\"text-base my-auto mx-auto pb-10 [--thread-content-margin:--spacing(4)] thread-sm:[--thread-content-margin:--spacing(6)] thread-lg:[--thread-content-margin:--spacing(16)] px-(--thread-content-margin)\">\n<div class=\"[--thread-content-max-width:40rem] thread-lg:[--thread-content-max-width:48rem] mx-auto max-w-(--thread-content-max-width) flex-1 group\/turn-messages focus-visible:outline-hidden relative flex w-full min-w-0 flex-col agent-turn\" tabindex=\"-1\">\n<div class=\"flex max-w-full flex-col grow\">\n<div class=\"min-h-8 text-message relative flex w-full flex-col items-end gap-2 text-start break-words whitespace-normal [.text-message+&amp;]:mt-1\" dir=\"auto\" data-message-author-role=\"assistant\" data-message-id=\"3ae454a5-b1da-4d81-adbe-c49a4a064af6\" data-message-model-slug=\"gpt-5\">\n<div class=\"flex w-full flex-col gap-1 empty:hidden first:pt-[1px]\">\n<div class=\"markdown prose dark:prose-invert w-full break-words light markdown-new-styling\">\n<p data-start=\"135\" data-end=\"572\" data-is-last-node=\"\" data-is-only-node=\"\">Pantofi care redefinesc elegan\u021ba prin rafinamentul detaliilor \u0219i fine\u021bea materialelor. Realiza\u021bi din piele l\u0103cuit\u0103, cu un luciu subtil ce adaug\u0103 o not\u0103 de distinc\u021bie, ace\u0219tia se remarc\u0103 prin v\u00e2rful decorat cu o inim\u0103 conturat\u0103 din strasuri fine, aplicate cu grij\u0103 pentru un strop de glamour discret. Bareta sub\u021bire se continu\u0103 delicat \u00een jurul c\u0103lc\u00e2iului, oferind sus\u021binere \u0219i confort, complet\u00e2nd perfect un design sofisticat \u0219i feminin.<\/p>\n<\/div>\n<\/div>\n<\/div>\n<\/div>\n<div class=\"z-0 flex min-h-[46px] justify-start\"><\/div>\n<div class=\"mt-3 w-full empty:hidden\">\n<div class=\"text-center\"><\/div>\n<\/div>\n<\/div>\n<\/div>\n<\/article>\n<div class=\"pointer-events-none h-px w-px\" aria-hidden=\"true\" data-edge=\"true\"><\/div>","protected":false},"excerpt":{"rendered":"<p>Pantofi care redefinesc elegan\u021ba prin rafinamentul detaliilor \u0219i fine\u021bea materialelor. Realiza\u021bi din piele l\u0103cuit\u0103, cu un luciu subtil ce adaug\u0103 o not\u0103 de distinc\u021bie, ace\u0219tia se remarc\u0103 prin v\u00e2rful decorat cu o inim\u0103 conturat\u0103 din strasuri fine, aplicate cu grij\u0103 pentru un strop de glamour discret. Bareta sub\u021bire se continu\u0103 delicat \u00een jurul c\u0103lc\u00e2iului, oferind [&hellip;]<\/p>","protected":false},"featured_media":81980,"comment_status":"open","ping_status":"closed","template":"","meta":[],"product_brand":[],"product_cat":[1537,1091,225],"product_tag":[],"woo-feed-brand":[],"class_list":{"0":"post-81963","1":"product","2":"type-product","3":"status-publish","4":"has-post-thumbnail","6":"product_cat-black-friday","7":"product_cat-precomanda","8":"product_cat-sandale","10":"first","11":"instock","12":"sale","13":"shipping-taxable","14":"purchasable","15":"product-type-variable"},"_links":{"self":[{"href":"https:\/\/mineliboutique.ro\/en\/wp-json\/wp\/v2\/product\/81963","targetHints":{"allow":["GET"]}}],"collection":[{"href":"https:\/\/mineliboutique.ro\/en\/wp-json\/wp\/v2\/product"}],"about":[{"href":"https:\/\/mineliboutique.ro\/en\/wp-json\/wp\/v2\/types\/product"}],"replies":[{"embeddable":true,"href":"https:\/\/mineliboutique.ro\/en\/wp-json\/wp\/v2\/comments?post=81963"}],"wp:featuredmedia":[{"embeddable":true,"href":"https:\/\/mineliboutique.ro\/en\/wp-json\/wp\/v2\/media\/81980"}],"wp:attachment":[{"href":"https:\/\/mineliboutique.ro\/en\/wp-json\/wp\/v2\/media?parent=81963"}],"wp:term":[{"taxonomy":"product_brand","embeddable":true,"href":"https:\/\/mineliboutique.ro\/en\/wp-json\/wp\/v2\/product_brand?post=81963"},{"taxonomy":"product_cat","embeddable":true,"href":"https:\/\/mineliboutique.ro\/en\/wp-json\/wp\/v2\/product_cat?post=81963"},{"taxonomy":"product_tag","embeddable":true,"href":"https:\/\/mineliboutique.ro\/en\/wp-json\/wp\/v2\/product_tag?post=81963"},{"taxonomy":"woo-feed-brand","embeddable":true,"href":"https:\/\/mineliboutique.ro\/en\/wp-json\/wp\/v2\/woo-feed-brand?post=81963"}],"curies":[{"name":"wp","href":"https:\/\/api.w.org\/{rel}","templated":true}]}}