{"id":81968,"date":"2025-06-20T13:23:40","date_gmt":"2025-06-20T10:23:40","guid":{"rendered":"https:\/\/mineliboutique.ro\/?post_type=product&#038;p=81968"},"modified":"2025-11-23T16:29:50","modified_gmt":"2025-11-23T14:29:50","slug":"pantofi-anya-ivory","status":"publish","type":"product","link":"https:\/\/mineliboutique.ro\/en\/shop\/pantofi-anya-ivory\/","title":{"rendered":"ANYA"},"content":{"rendered":"<article class=\"text-token-text-primary w-full focus:outline-none [--shadow-height:45px] has-data-writing-block:pointer-events-none has-data-writing-block:-mt-(--shadow-height) has-data-writing-block:pt-(--shadow-height) [&amp;:has([data-writing-block])&gt;*]:pointer-events-auto [content-visibility:auto] supports-[content-visibility:auto]:[contain-intrinsic-size:auto_100lvh] scroll-mt-[calc(var(--header-height)+min(200px,max(70px,20svh)))]\" dir=\"auto\" tabindex=\"-1\" data-turn-id=\"request-WEB:182d6ba3-d0dd-4d42-9555-924d25766326-12\" data-testid=\"conversation-turn-26\" data-scroll-anchor=\"true\" data-turn=\"assistant\">\n<div class=\"text-base my-auto mx-auto pb-10 [--thread-content-margin:--spacing(4)] thread-sm:[--thread-content-margin:--spacing(6)] thread-lg:[--thread-content-margin:--spacing(16)] px-(--thread-content-margin)\">\n<div class=\"[--thread-content-max-width:40rem] thread-lg:[--thread-content-max-width:48rem] mx-auto max-w-(--thread-content-max-width) flex-1 group\/turn-messages focus-visible:outline-hidden relative flex w-full min-w-0 flex-col agent-turn\" tabindex=\"-1\">\n<div class=\"flex max-w-full flex-col grow\">\n<div class=\"min-h-8 text-message relative flex w-full flex-col items-end gap-2 text-start break-words whitespace-normal [.text-message+&amp;]:mt-1\" dir=\"auto\" data-message-author-role=\"assistant\" data-message-id=\"86025ed1-3e7f-4c8a-9c9f-db4b6f6d8f2d\" data-message-model-slug=\"gpt-5\">\n<div class=\"flex w-full flex-col gap-1 empty:hidden first:pt-[1px]\">\n<div class=\"markdown prose dark:prose-invert w-full break-words light markdown-new-styling\">\n<p data-start=\"94\" data-end=\"476\" data-is-last-node=\"\" data-is-only-node=\"\">Pantofi elegan\u021bi \u0219i rafina\u021bi, realiza\u021bi din dantel\u0103 alb\u0103, ce evoc\u0103 o estetic\u0103 romantic\u0103 \u0219i sofisticat\u0103. Designul cu v\u00e2rf ascu\u021bit \u0219i \u00eenchis ofer\u0103 un aer clasic reinterpretat modern, iar tocul sub\u021bire \u0219i \u00eenalt, cu baz\u0103 p\u0103trat\u0103, asigur\u0103 stabilitate \u0219i gra\u021bie. Pe v\u00e2rf, un accesoriu \u00een form\u0103 de inim\u0103, decorat cu strasuri, adaug\u0103 un detaliu distinctiv ce \u00eembin\u0103 elegan\u021ba cu delicate\u021bea.<\/p>\n<\/div>\n<\/div>\n<\/div>\n<\/div>\n<div class=\"z-0 flex min-h-[46px] justify-start\"><\/div>\n<div class=\"mt-3 w-full empty:hidden\">\n<div class=\"text-center\"><\/div>\n<\/div>\n<\/div>\n<\/div>\n<\/article>\n<div class=\"pointer-events-none h-px w-px\" aria-hidden=\"true\" data-edge=\"true\"><\/div>\n","protected":false},"excerpt":{"rendered":"<p>Pantofi elegan\u021bi \u0219i rafina\u021bi, realiza\u021bi din dantel\u0103 alb\u0103, ce evoc\u0103 o estetic\u0103 romantic\u0103 \u0219i sofisticat\u0103. Designul cu v\u00e2rf ascu\u021bit \u0219i \u00eenchis ofer\u0103 un aer clasic reinterpretat modern, iar tocul sub\u021bire \u0219i \u00eenalt, cu baz\u0103 p\u0103trat\u0103, asigur\u0103 stabilitate \u0219i gra\u021bie. Pe v\u00e2rf, un accesoriu \u00een form\u0103 de inim\u0103, decorat cu strasuri, adaug\u0103 un detaliu distinctiv ce [&hellip;]<\/p>\n","protected":false},"featured_media":81975,"comment_status":"open","ping_status":"closed","template":"","meta":[],"product_brand":[],"product_cat":[1537,1091,225],"product_tag":[],"woo-feed-brand":[],"class_list":{"0":"post-81968","1":"product","2":"type-product","3":"status-publish","4":"has-post-thumbnail","6":"product_cat-black-friday","7":"product_cat-precomanda","8":"product_cat-sandale","10":"first","11":"instock","12":"sale","13":"shipping-taxable","14":"purchasable","15":"product-type-variable"},"_links":{"self":[{"href":"https:\/\/mineliboutique.ro\/en\/wp-json\/wp\/v2\/product\/81968","targetHints":{"allow":["GET"]}}],"collection":[{"href":"https:\/\/mineliboutique.ro\/en\/wp-json\/wp\/v2\/product"}],"about":[{"href":"https:\/\/mineliboutique.ro\/en\/wp-json\/wp\/v2\/types\/product"}],"replies":[{"embeddable":true,"href":"https:\/\/mineliboutique.ro\/en\/wp-json\/wp\/v2\/comments?post=81968"}],"wp:featuredmedia":[{"embeddable":true,"href":"https:\/\/mineliboutique.ro\/en\/wp-json\/wp\/v2\/media\/81975"}],"wp:attachment":[{"href":"https:\/\/mineliboutique.ro\/en\/wp-json\/wp\/v2\/media?parent=81968"}],"wp:term":[{"taxonomy":"product_brand","embeddable":true,"href":"https:\/\/mineliboutique.ro\/en\/wp-json\/wp\/v2\/product_brand?post=81968"},{"taxonomy":"product_cat","embeddable":true,"href":"https:\/\/mineliboutique.ro\/en\/wp-json\/wp\/v2\/product_cat?post=81968"},{"taxonomy":"product_tag","embeddable":true,"href":"https:\/\/mineliboutique.ro\/en\/wp-json\/wp\/v2\/product_tag?post=81968"},{"taxonomy":"woo-feed-brand","embeddable":true,"href":"https:\/\/mineliboutique.ro\/en\/wp-json\/wp\/v2\/woo-feed-brand?post=81968"}],"curies":[{"name":"wp","href":"https:\/\/api.w.org\/{rel}","templated":true}]}}