{"id":81969,"date":"2025-06-20T13:23:40","date_gmt":"2025-06-20T10:23:40","guid":{"rendered":"https:\/\/mineliboutique.ro\/?post_type=product&#038;p=81969"},"modified":"2025-11-23T16:27:25","modified_gmt":"2025-11-23T14:27:25","slug":"pantofi-mira-piele-intoarsa","status":"publish","type":"product","link":"https:\/\/mineliboutique.ro\/en\/shop\/pantofi-mira-piele-intoarsa\/","title":{"rendered":"MIRA"},"content":{"rendered":"<p>Pantofi elegan\u021bi, realiza\u021bi din piele \u00eentoars\u0103 fin\u0103, cu o textur\u0103 catifelat\u0103 \u0219i un aspect sofisticat. Accesoriul din strasuri amplasat \u00een partea din fa\u021b\u0103 adaug\u0103 o not\u0103 de str\u0103lucire discret\u0103, eviden\u021biind elegan\u021ba designului. Tocul sub\u021bire, de 10 cm, alunge\u0219te silueta \u0219i ofer\u0103 o postur\u0103 gra\u021bioas\u0103, \u00eembin\u00e2nd armonios confortul cu rafinamentul.<\/p>","protected":false},"excerpt":{"rendered":"<p>Pantofi elegan\u021bi, realiza\u021bi din piele \u00eentoars\u0103 fin\u0103, cu o textur\u0103 catifelat\u0103 \u0219i un aspect sofisticat. Accesoriul din strasuri amplasat \u00een partea din fa\u021b\u0103 adaug\u0103 o not\u0103 de str\u0103lucire discret\u0103, eviden\u021biind elegan\u021ba designului. Tocul sub\u021bire, de 10 cm, alunge\u0219te silueta \u0219i ofer\u0103 o postur\u0103 gra\u021bioas\u0103, \u00eembin\u00e2nd armonios confortul cu rafinamentul.<\/p>","protected":false},"featured_media":81974,"comment_status":"open","ping_status":"closed","template":"","meta":[],"product_brand":[],"product_cat":[1537,948,1091],"product_tag":[],"woo-feed-brand":[],"class_list":{"0":"post-81969","1":"product","2":"type-product","3":"status-publish","4":"has-post-thumbnail","6":"product_cat-black-friday","7":"product_cat-pantofi","8":"product_cat-precomanda","10":"first","11":"instock","12":"sale","13":"shipping-taxable","14":"purchasable","15":"product-type-variable"},"_links":{"self":[{"href":"https:\/\/mineliboutique.ro\/en\/wp-json\/wp\/v2\/product\/81969","targetHints":{"allow":["GET"]}}],"collection":[{"href":"https:\/\/mineliboutique.ro\/en\/wp-json\/wp\/v2\/product"}],"about":[{"href":"https:\/\/mineliboutique.ro\/en\/wp-json\/wp\/v2\/types\/product"}],"replies":[{"embeddable":true,"href":"https:\/\/mineliboutique.ro\/en\/wp-json\/wp\/v2\/comments?post=81969"}],"wp:featuredmedia":[{"embeddable":true,"href":"https:\/\/mineliboutique.ro\/en\/wp-json\/wp\/v2\/media\/81974"}],"wp:attachment":[{"href":"https:\/\/mineliboutique.ro\/en\/wp-json\/wp\/v2\/media?parent=81969"}],"wp:term":[{"taxonomy":"product_brand","embeddable":true,"href":"https:\/\/mineliboutique.ro\/en\/wp-json\/wp\/v2\/product_brand?post=81969"},{"taxonomy":"product_cat","embeddable":true,"href":"https:\/\/mineliboutique.ro\/en\/wp-json\/wp\/v2\/product_cat?post=81969"},{"taxonomy":"product_tag","embeddable":true,"href":"https:\/\/mineliboutique.ro\/en\/wp-json\/wp\/v2\/product_tag?post=81969"},{"taxonomy":"woo-feed-brand","embeddable":true,"href":"https:\/\/mineliboutique.ro\/en\/wp-json\/wp\/v2\/woo-feed-brand?post=81969"}],"curies":[{"name":"wp","href":"https:\/\/api.w.org\/{rel}","templated":true}]}}