{"id":81970,"date":"2025-06-20T13:23:40","date_gmt":"2025-06-20T10:23:40","guid":{"rendered":"https:\/\/mineliboutique.ro\/?post_type=product&#038;p=81970"},"modified":"2025-11-23T16:21:32","modified_gmt":"2025-11-23T14:21:32","slug":"pantofi-mira-nude","status":"publish","type":"product","link":"https:\/\/mineliboutique.ro\/en\/shop\/pantofi-mira-nude\/","title":{"rendered":"MIRA"},"content":{"rendered":"<p>Pantofi elegan\u021bi nude, realiza\u021bi din piele l\u0103cuit\u0103, cu v\u00e2rf ascu\u021bit \u0219i toc sub\u021bire de 10 cm. Accesoriul din strasuri plasat \u00een partea din fa\u021b\u0103 adaug\u0103 o not\u0103 subtil\u0103 de str\u0103lucire \u0219i rafinament. Un model clasic \u0219i feminin, perfect pentru completarea unei \u021binute elegante.<\/p>","protected":false},"excerpt":{"rendered":"<p>Pantofi elegan\u021bi nude, realiza\u021bi din piele l\u0103cuit\u0103, cu v\u00e2rf ascu\u021bit \u0219i toc sub\u021bire de 10 cm. Accesoriul din strasuri plasat \u00een partea din fa\u021b\u0103 adaug\u0103 o not\u0103 subtil\u0103 de str\u0103lucire \u0219i rafinament. Un model clasic \u0219i feminin, perfect pentru completarea unei \u021binute elegante.<\/p>","protected":false},"featured_media":81973,"comment_status":"open","ping_status":"closed","template":"","meta":[],"product_brand":[],"product_cat":[1537,948,1091,1672],"product_tag":[],"woo-feed-brand":[],"class_list":{"0":"post-81970","1":"product","2":"type-product","3":"status-publish","4":"has-post-thumbnail","6":"product_cat-black-friday","7":"product_cat-pantofi","8":"product_cat-precomanda","9":"product_cat-pumps","11":"first","12":"instock","13":"sale","14":"shipping-taxable","15":"purchasable","16":"product-type-variable"},"_links":{"self":[{"href":"https:\/\/mineliboutique.ro\/en\/wp-json\/wp\/v2\/product\/81970","targetHints":{"allow":["GET"]}}],"collection":[{"href":"https:\/\/mineliboutique.ro\/en\/wp-json\/wp\/v2\/product"}],"about":[{"href":"https:\/\/mineliboutique.ro\/en\/wp-json\/wp\/v2\/types\/product"}],"replies":[{"embeddable":true,"href":"https:\/\/mineliboutique.ro\/en\/wp-json\/wp\/v2\/comments?post=81970"}],"wp:featuredmedia":[{"embeddable":true,"href":"https:\/\/mineliboutique.ro\/en\/wp-json\/wp\/v2\/media\/81973"}],"wp:attachment":[{"href":"https:\/\/mineliboutique.ro\/en\/wp-json\/wp\/v2\/media?parent=81970"}],"wp:term":[{"taxonomy":"product_brand","embeddable":true,"href":"https:\/\/mineliboutique.ro\/en\/wp-json\/wp\/v2\/product_brand?post=81970"},{"taxonomy":"product_cat","embeddable":true,"href":"https:\/\/mineliboutique.ro\/en\/wp-json\/wp\/v2\/product_cat?post=81970"},{"taxonomy":"product_tag","embeddable":true,"href":"https:\/\/mineliboutique.ro\/en\/wp-json\/wp\/v2\/product_tag?post=81970"},{"taxonomy":"woo-feed-brand","embeddable":true,"href":"https:\/\/mineliboutique.ro\/en\/wp-json\/wp\/v2\/woo-feed-brand?post=81970"}],"curies":[{"name":"wp","href":"https:\/\/api.w.org\/{rel}","templated":true}]}}