{"id":81987,"date":"2025-06-20T13:26:23","date_gmt":"2025-06-20T10:26:23","guid":{"rendered":"https:\/\/mineliboutique.ro\/?post_type=product&#038;p=81987"},"modified":"2025-11-23T16:06:29","modified_gmt":"2025-11-23T14:06:29","slug":"sandale-amelia-black","status":"publish","type":"product","link":"https:\/\/mineliboutique.ro\/en\/shop\/sandale-amelia-black\/","title":{"rendered":"AMELIA"},"content":{"rendered":"<p>Sandale elegante \u0219i feminine, realizate din satin, cu toc \u00eenalt \u0219i sub\u021bire. Bareta fin\u0103 decorat\u0103 cu strasuri, plasat\u0103 delicat \u00een jurul gleznei, ofer\u0103 sus\u021binere \u0219i subliniaz\u0103 gra\u021bios forma piciorului. Un model rafinat, perfect pentru evenimente \u0219i ocazii speciale.<\/p>","protected":false},"excerpt":{"rendered":"<p>Sandale elegante \u0219i feminine, realizate din satin, cu toc \u00eenalt \u0219i sub\u021bire. Bareta fin\u0103 decorat\u0103 cu strasuri, plasat\u0103 delicat \u00een jurul gleznei, ofer\u0103 sus\u021binere \u0219i subliniaz\u0103 gra\u021bios forma piciorului. Un model rafinat, perfect pentru evenimente \u0219i ocazii speciale.<\/p>","protected":false},"featured_media":81996,"comment_status":"open","ping_status":"closed","template":"","meta":[],"product_brand":[],"product_cat":[1537,1091,225],"product_tag":[],"woo-feed-brand":[],"class_list":{"0":"post-81987","1":"product","2":"type-product","3":"status-publish","4":"has-post-thumbnail","6":"product_cat-black-friday","7":"product_cat-precomanda","8":"product_cat-sandale","10":"first","11":"instock","12":"sale","13":"shipping-taxable","14":"purchasable","15":"product-type-variable"},"_links":{"self":[{"href":"https:\/\/mineliboutique.ro\/en\/wp-json\/wp\/v2\/product\/81987","targetHints":{"allow":["GET"]}}],"collection":[{"href":"https:\/\/mineliboutique.ro\/en\/wp-json\/wp\/v2\/product"}],"about":[{"href":"https:\/\/mineliboutique.ro\/en\/wp-json\/wp\/v2\/types\/product"}],"replies":[{"embeddable":true,"href":"https:\/\/mineliboutique.ro\/en\/wp-json\/wp\/v2\/comments?post=81987"}],"wp:featuredmedia":[{"embeddable":true,"href":"https:\/\/mineliboutique.ro\/en\/wp-json\/wp\/v2\/media\/81996"}],"wp:attachment":[{"href":"https:\/\/mineliboutique.ro\/en\/wp-json\/wp\/v2\/media?parent=81987"}],"wp:term":[{"taxonomy":"product_brand","embeddable":true,"href":"https:\/\/mineliboutique.ro\/en\/wp-json\/wp\/v2\/product_brand?post=81987"},{"taxonomy":"product_cat","embeddable":true,"href":"https:\/\/mineliboutique.ro\/en\/wp-json\/wp\/v2\/product_cat?post=81987"},{"taxonomy":"product_tag","embeddable":true,"href":"https:\/\/mineliboutique.ro\/en\/wp-json\/wp\/v2\/product_tag?post=81987"},{"taxonomy":"woo-feed-brand","embeddable":true,"href":"https:\/\/mineliboutique.ro\/en\/wp-json\/wp\/v2\/woo-feed-brand?post=81987"}],"curies":[{"name":"wp","href":"https:\/\/api.w.org\/{rel}","templated":true}]}}