{"id":81988,"date":"2025-06-20T13:26:23","date_gmt":"2025-06-20T10:26:23","guid":{"rendered":"https:\/\/mineliboutique.ro\/?post_type=product&#038;p=81988"},"modified":"2025-11-23T15:58:04","modified_gmt":"2025-11-23T13:58:04","slug":"sandale-amelia-snake","status":"publish","type":"product","link":"https:\/\/mineliboutique.ro\/en\/shop\/sandale-amelia-snake\/","title":{"rendered":"AMELIA"},"content":{"rendered":"<p>Sandale spectaculoase, cu un design sofisticat \u0219i elegant, ideale pentru evenimente speciale. Realizate din piele natural\u0103 cu textur\u0103 de \u0219arpe, cu toc \u00eenalt \u0219i sub\u021bire \u0219i talp\u0103 din piele, aceste sandale eman\u0103 o feminitate \u00eendr\u0103znea\u021b\u0103. Bareta fin\u0103 care \u00eenconjoar\u0103 glezna este accentuat\u0103 de un \u0219ir de strasuri delicate, un accesoriu premium ce adaug\u0103 un strop de str\u0103lucire \u0219i rafinament.<\/p>","protected":false},"excerpt":{"rendered":"<p>Sandale spectaculoase, cu un design sofisticat \u0219i elegant, ideale pentru evenimente speciale. Realizate din piele natural\u0103 cu textur\u0103 de \u0219arpe, cu toc \u00eenalt \u0219i sub\u021bire \u0219i talp\u0103 din piele, aceste sandale eman\u0103 o feminitate \u00eendr\u0103znea\u021b\u0103. Bareta fin\u0103 care \u00eenconjoar\u0103 glezna este accentuat\u0103 de un \u0219ir de strasuri delicate, un accesoriu premium ce adaug\u0103 un strop [&hellip;]<\/p>","protected":false},"featured_media":81995,"comment_status":"open","ping_status":"closed","template":"","meta":[],"product_brand":[],"product_cat":[1537,1091,225],"product_tag":[],"woo-feed-brand":[],"class_list":{"0":"post-81988","1":"product","2":"type-product","3":"status-publish","4":"has-post-thumbnail","6":"product_cat-black-friday","7":"product_cat-precomanda","8":"product_cat-sandale","10":"first","11":"instock","12":"sale","13":"shipping-taxable","14":"purchasable","15":"product-type-variable"},"_links":{"self":[{"href":"https:\/\/mineliboutique.ro\/en\/wp-json\/wp\/v2\/product\/81988","targetHints":{"allow":["GET"]}}],"collection":[{"href":"https:\/\/mineliboutique.ro\/en\/wp-json\/wp\/v2\/product"}],"about":[{"href":"https:\/\/mineliboutique.ro\/en\/wp-json\/wp\/v2\/types\/product"}],"replies":[{"embeddable":true,"href":"https:\/\/mineliboutique.ro\/en\/wp-json\/wp\/v2\/comments?post=81988"}],"wp:featuredmedia":[{"embeddable":true,"href":"https:\/\/mineliboutique.ro\/en\/wp-json\/wp\/v2\/media\/81995"}],"wp:attachment":[{"href":"https:\/\/mineliboutique.ro\/en\/wp-json\/wp\/v2\/media?parent=81988"}],"wp:term":[{"taxonomy":"product_brand","embeddable":true,"href":"https:\/\/mineliboutique.ro\/en\/wp-json\/wp\/v2\/product_brand?post=81988"},{"taxonomy":"product_cat","embeddable":true,"href":"https:\/\/mineliboutique.ro\/en\/wp-json\/wp\/v2\/product_cat?post=81988"},{"taxonomy":"product_tag","embeddable":true,"href":"https:\/\/mineliboutique.ro\/en\/wp-json\/wp\/v2\/product_tag?post=81988"},{"taxonomy":"woo-feed-brand","embeddable":true,"href":"https:\/\/mineliboutique.ro\/en\/wp-json\/wp\/v2\/woo-feed-brand?post=81988"}],"curies":[{"name":"wp","href":"https:\/\/api.w.org\/{rel}","templated":true}]}}