{"id":81989,"date":"2025-06-20T13:26:23","date_gmt":"2025-06-20T10:26:23","guid":{"rendered":"https:\/\/mineliboutique.ro\/?post_type=product&#038;p=81989"},"modified":"2025-11-23T15:55:38","modified_gmt":"2025-11-23T13:55:38","slug":"sandale-amelia-rosii","status":"publish","type":"product","link":"https:\/\/mineliboutique.ro\/en\/shop\/sandale-amelia-rosii\/","title":{"rendered":"AMELIA"},"content":{"rendered":"<p>Sandale ro\u0219ii din satin, cu toc sub\u021bire de 9 cm \u0219i talp\u0103 din piele, ce adaug\u0103 o not\u0103 senzual\u0103 \u0219i elegant\u0103 fiec\u0103rui pas. Bareta care se \u00eenf\u0103\u0219oar\u0103 delicat \u00een jurul gleznei este decorat\u0103 cu un accesoriu premium din strasuri fine \u0219i str\u0103lucitoare, oferind un accent sofisticat. Modelul este ideal pentru ocazii speciale, aduc\u00e2nd un plus de rafinament \u0219i feminitate oric\u0103rei \u021binute.<\/p>","protected":false},"excerpt":{"rendered":"<p>Sandale ro\u0219ii din satin, cu toc sub\u021bire de 9 cm \u0219i talp\u0103 din piele, ce adaug\u0103 o not\u0103 senzual\u0103 \u0219i elegant\u0103 fiec\u0103rui pas. Bareta care se \u00eenf\u0103\u0219oar\u0103 delicat \u00een jurul gleznei este decorat\u0103 cu un accesoriu premium din strasuri fine \u0219i str\u0103lucitoare, oferind un accent sofisticat. Modelul este ideal pentru ocazii speciale, aduc\u00e2nd un plus [&hellip;]<\/p>","protected":false},"featured_media":81994,"comment_status":"open","ping_status":"closed","template":"","meta":[],"product_brand":[],"product_cat":[1537,1091,225],"product_tag":[],"woo-feed-brand":[],"class_list":{"0":"post-81989","1":"product","2":"type-product","3":"status-publish","4":"has-post-thumbnail","6":"product_cat-black-friday","7":"product_cat-precomanda","8":"product_cat-sandale","10":"first","11":"instock","12":"sale","13":"shipping-taxable","14":"purchasable","15":"product-type-variable"},"_links":{"self":[{"href":"https:\/\/mineliboutique.ro\/en\/wp-json\/wp\/v2\/product\/81989","targetHints":{"allow":["GET"]}}],"collection":[{"href":"https:\/\/mineliboutique.ro\/en\/wp-json\/wp\/v2\/product"}],"about":[{"href":"https:\/\/mineliboutique.ro\/en\/wp-json\/wp\/v2\/types\/product"}],"replies":[{"embeddable":true,"href":"https:\/\/mineliboutique.ro\/en\/wp-json\/wp\/v2\/comments?post=81989"}],"wp:featuredmedia":[{"embeddable":true,"href":"https:\/\/mineliboutique.ro\/en\/wp-json\/wp\/v2\/media\/81994"}],"wp:attachment":[{"href":"https:\/\/mineliboutique.ro\/en\/wp-json\/wp\/v2\/media?parent=81989"}],"wp:term":[{"taxonomy":"product_brand","embeddable":true,"href":"https:\/\/mineliboutique.ro\/en\/wp-json\/wp\/v2\/product_brand?post=81989"},{"taxonomy":"product_cat","embeddable":true,"href":"https:\/\/mineliboutique.ro\/en\/wp-json\/wp\/v2\/product_cat?post=81989"},{"taxonomy":"product_tag","embeddable":true,"href":"https:\/\/mineliboutique.ro\/en\/wp-json\/wp\/v2\/product_tag?post=81989"},{"taxonomy":"woo-feed-brand","embeddable":true,"href":"https:\/\/mineliboutique.ro\/en\/wp-json\/wp\/v2\/woo-feed-brand?post=81989"}],"curies":[{"name":"wp","href":"https:\/\/api.w.org\/{rel}","templated":true}]}}