{"id":81990,"date":"2025-06-20T13:26:24","date_gmt":"2025-06-20T10:26:24","guid":{"rendered":"https:\/\/mineliboutique.ro\/?post_type=product&#038;p=81990"},"modified":"2025-11-23T15:46:50","modified_gmt":"2025-11-23T13:46:50","slug":"pantofi-celine","status":"publish","type":"product","link":"https:\/\/mineliboutique.ro\/en\/shop\/pantofi-celine\/","title":{"rendered":"CELINE"},"content":{"rendered":"<p>Pantofi din satin, cu un design sofisticat \u0219i detalii rafinate. V\u00e2rful acoperit cu strasuri premium adaug\u0103 o not\u0103 de elegan\u021b\u0103 \u0219i str\u0103lucire discret\u0103, iar bareta sub\u021bire, cu cataram\u0103 \u00een jurul gleznei, ofer\u0103 sus\u021binere \u0219i stabilitate. Talpa din piele completeaz\u0103 armonios look-ul, asigur\u00e2nd confort \u0219i calitate la fiecare pas.<\/p>","protected":false},"excerpt":{"rendered":"<p>Pantofi din satin, cu un design sofisticat \u0219i detalii rafinate. V\u00e2rful acoperit cu strasuri premium adaug\u0103 o not\u0103 de elegan\u021b\u0103 \u0219i str\u0103lucire discret\u0103, iar bareta sub\u021bire, cu cataram\u0103 \u00een jurul gleznei, ofer\u0103 sus\u021binere \u0219i stabilitate. Talpa din piele completeaz\u0103 armonios look-ul, asigur\u00e2nd confort \u0219i calitate la fiecare pas.<\/p>","protected":false},"featured_media":81993,"comment_status":"open","ping_status":"closed","template":"","meta":[],"product_brand":[],"product_cat":[1537,1091,225],"product_tag":[],"woo-feed-brand":[],"class_list":{"0":"post-81990","1":"product","2":"type-product","3":"status-publish","4":"has-post-thumbnail","6":"product_cat-black-friday","7":"product_cat-precomanda","8":"product_cat-sandale","9":"pa_sizes-168","10":"pa_sizes-169","11":"pa_sizes-170","12":"pa_sizes-171","13":"pa_sizes-172","14":"pa_sizes-229","16":"first","17":"instock","18":"sale","19":"shipping-taxable","20":"purchasable","21":"product-type-variable"},"_links":{"self":[{"href":"https:\/\/mineliboutique.ro\/en\/wp-json\/wp\/v2\/product\/81990","targetHints":{"allow":["GET"]}}],"collection":[{"href":"https:\/\/mineliboutique.ro\/en\/wp-json\/wp\/v2\/product"}],"about":[{"href":"https:\/\/mineliboutique.ro\/en\/wp-json\/wp\/v2\/types\/product"}],"replies":[{"embeddable":true,"href":"https:\/\/mineliboutique.ro\/en\/wp-json\/wp\/v2\/comments?post=81990"}],"wp:featuredmedia":[{"embeddable":true,"href":"https:\/\/mineliboutique.ro\/en\/wp-json\/wp\/v2\/media\/81993"}],"wp:attachment":[{"href":"https:\/\/mineliboutique.ro\/en\/wp-json\/wp\/v2\/media?parent=81990"}],"wp:term":[{"taxonomy":"product_brand","embeddable":true,"href":"https:\/\/mineliboutique.ro\/en\/wp-json\/wp\/v2\/product_brand?post=81990"},{"taxonomy":"product_cat","embeddable":true,"href":"https:\/\/mineliboutique.ro\/en\/wp-json\/wp\/v2\/product_cat?post=81990"},{"taxonomy":"product_tag","embeddable":true,"href":"https:\/\/mineliboutique.ro\/en\/wp-json\/wp\/v2\/product_tag?post=81990"},{"taxonomy":"woo-feed-brand","embeddable":true,"href":"https:\/\/mineliboutique.ro\/en\/wp-json\/wp\/v2\/woo-feed-brand?post=81990"}],"curies":[{"name":"wp","href":"https:\/\/api.w.org\/{rel}","templated":true}]}}