{"id":81991,"date":"2025-06-20T13:26:24","date_gmt":"2025-06-20T10:26:24","guid":{"rendered":"https:\/\/mineliboutique.ro\/?post_type=product&#038;p=81991"},"modified":"2025-11-23T17:01:25","modified_gmt":"2025-11-23T15:01:25","slug":"pantofi-verona","status":"publish","type":"product","link":"https:\/\/mineliboutique.ro\/en\/shop\/pantofi-verona\/","title":{"rendered":"VERONA"},"content":{"rendered":"<p data-start=\"102\" data-end=\"492\">Pantofii de dam\u0103 sunt confec\u021biona\u021bi din piele \u00eentoars\u0103 neagr\u0103, cu talp\u0103 din piele natural\u0103 \u0219i un design elegant, plin de rafinament. V\u00e2rful ascu\u021bit confer\u0103 o siluet\u0103 gra\u021bioas\u0103, iar detaliul din spate \u2013 o serie de lan\u021buri metalice sub\u021biri, argintii \u2013 adaug\u0103 o not\u0103 sofisticat\u0103 \u0219i modern\u0103. Interiorul este c\u0103ptu\u0219it cu material bej deschis, pentru un plus de confort \u0219i un aspect des\u0103v\u00e2r\u0219it.<\/p>","protected":false},"excerpt":{"rendered":"<p>Pantofii de dam\u0103 sunt confec\u021biona\u021bi din piele \u00eentoars\u0103 neagr\u0103, cu talp\u0103 din piele natural\u0103 \u0219i un design elegant, plin de rafinament. V\u00e2rful ascu\u021bit confer\u0103 o siluet\u0103 gra\u021bioas\u0103, iar detaliul din spate \u2013 o serie de lan\u021buri metalice sub\u021biri, argintii \u2013 adaug\u0103 o not\u0103 sofisticat\u0103 \u0219i modern\u0103. Interiorul este c\u0103ptu\u0219it cu material bej deschis, pentru un [&hellip;]<\/p>","protected":false},"featured_media":81992,"comment_status":"open","ping_status":"closed","template":"","meta":[],"product_brand":[],"product_cat":[1537,948,1091],"product_tag":[],"woo-feed-brand":[],"class_list":{"0":"post-81991","1":"product","2":"type-product","3":"status-publish","4":"has-post-thumbnail","6":"product_cat-black-friday","7":"product_cat-pantofi","8":"product_cat-precomanda","10":"first","11":"instock","12":"sale","13":"shipping-taxable","14":"purchasable","15":"product-type-variable"},"_links":{"self":[{"href":"https:\/\/mineliboutique.ro\/en\/wp-json\/wp\/v2\/product\/81991","targetHints":{"allow":["GET"]}}],"collection":[{"href":"https:\/\/mineliboutique.ro\/en\/wp-json\/wp\/v2\/product"}],"about":[{"href":"https:\/\/mineliboutique.ro\/en\/wp-json\/wp\/v2\/types\/product"}],"replies":[{"embeddable":true,"href":"https:\/\/mineliboutique.ro\/en\/wp-json\/wp\/v2\/comments?post=81991"}],"wp:featuredmedia":[{"embeddable":true,"href":"https:\/\/mineliboutique.ro\/en\/wp-json\/wp\/v2\/media\/81992"}],"wp:attachment":[{"href":"https:\/\/mineliboutique.ro\/en\/wp-json\/wp\/v2\/media?parent=81991"}],"wp:term":[{"taxonomy":"product_brand","embeddable":true,"href":"https:\/\/mineliboutique.ro\/en\/wp-json\/wp\/v2\/product_brand?post=81991"},{"taxonomy":"product_cat","embeddable":true,"href":"https:\/\/mineliboutique.ro\/en\/wp-json\/wp\/v2\/product_cat?post=81991"},{"taxonomy":"product_tag","embeddable":true,"href":"https:\/\/mineliboutique.ro\/en\/wp-json\/wp\/v2\/product_tag?post=81991"},{"taxonomy":"woo-feed-brand","embeddable":true,"href":"https:\/\/mineliboutique.ro\/en\/wp-json\/wp\/v2\/woo-feed-brand?post=81991"}],"curies":[{"name":"wp","href":"https:\/\/api.w.org\/{rel}","templated":true}]}}