{"id":82409,"date":"2026-02-22T19:36:32","date_gmt":"2026-02-22T17:36:32","guid":{"rendered":"https:\/\/mineliboutique.ro\/?post_type=product&#038;p=82409"},"modified":"2026-03-29T19:09:04","modified_gmt":"2026-03-29T16:09:04","slug":"botine-roxane-black","status":"publish","type":"product","link":"https:\/\/mineliboutique.ro\/en\/shop\/botine-roxane-black\/","title":{"rendered":"Botine ROXANE black"},"content":{"rendered":"<p data-start=\"0\" data-end=\"240\">Elegante \u0219i atemporale, aceste botine exprim\u0103 rafinamentul absolut. Confec\u021bionate din piele natural\u0103 cu finisaj mat, se remarc\u0103 prin accesoriul tip bijuterie aplicat \u2013 un detaliu str\u0103lucitor ce adaug\u0103 un plus de sofisticare \u0219i feminitate.<\/p>\n<p data-start=\"242\" data-end=\"532\" data-is-last-node=\"\" data-is-only-node=\"\">V\u00e2rful ascu\u021bit contureaz\u0103 armonios silueta piciorului, iar tocul sculptural de 7 cm ofer\u0103 echilibrul perfect \u00eentre stil \u0219i confort. Designul curat, \u00een nuan\u021b\u0103 intens\u0103 de negru, transform\u0103 acest model \u00eentr-o pies\u0103 versatil\u0103, ideal\u0103 pentru \u021binute elegante de zi sau apari\u021bii rafinate de sear\u0103.<\/p>","protected":false},"excerpt":{"rendered":"<p>Elegante \u0219i atemporale, aceste botine exprim\u0103 rafinamentul absolut. Confec\u021bionate din piele natural\u0103 cu finisaj mat, se remarc\u0103 prin accesoriul tip bijuterie aplicat \u2013 un detaliu str\u0103lucitor ce adaug\u0103 un plus de sofisticare \u0219i feminitate. V\u00e2rful ascu\u021bit contureaz\u0103 armonios silueta piciorului, iar tocul sculptural de 7 cm ofer\u0103 echilibrul perfect \u00eentre stil \u0219i confort. Designul curat, [&hellip;]<\/p>\n","protected":false},"featured_media":82405,"comment_status":"open","ping_status":"closed","template":"","meta":[],"product_brand":[],"product_cat":[1236,942],"product_tag":[],"woo-feed-brand":[1546],"class_list":{"0":"post-82409","1":"product","2":"type-product","3":"status-publish","4":"has-post-thumbnail","6":"product_cat-botine","7":"product_cat-ghete","8":"pa_sizes-168","9":"pa_sizes-169","10":"pa_sizes-170","11":"pa_sizes-171","12":"pa_sizes-172","13":"pa_sizes-229","14":"pa_sizes-1403","15":"woo-feed-brand-mineli","17":"first","18":"instock","19":"shipping-taxable","20":"purchasable","21":"product-type-variable"},"_links":{"self":[{"href":"https:\/\/mineliboutique.ro\/en\/wp-json\/wp\/v2\/product\/82409","targetHints":{"allow":["GET"]}}],"collection":[{"href":"https:\/\/mineliboutique.ro\/en\/wp-json\/wp\/v2\/product"}],"about":[{"href":"https:\/\/mineliboutique.ro\/en\/wp-json\/wp\/v2\/types\/product"}],"replies":[{"embeddable":true,"href":"https:\/\/mineliboutique.ro\/en\/wp-json\/wp\/v2\/comments?post=82409"}],"wp:featuredmedia":[{"embeddable":true,"href":"https:\/\/mineliboutique.ro\/en\/wp-json\/wp\/v2\/media\/82405"}],"wp:attachment":[{"href":"https:\/\/mineliboutique.ro\/en\/wp-json\/wp\/v2\/media?parent=82409"}],"wp:term":[{"taxonomy":"product_brand","embeddable":true,"href":"https:\/\/mineliboutique.ro\/en\/wp-json\/wp\/v2\/product_brand?post=82409"},{"taxonomy":"product_cat","embeddable":true,"href":"https:\/\/mineliboutique.ro\/en\/wp-json\/wp\/v2\/product_cat?post=82409"},{"taxonomy":"product_tag","embeddable":true,"href":"https:\/\/mineliboutique.ro\/en\/wp-json\/wp\/v2\/product_tag?post=82409"},{"taxonomy":"woo-feed-brand","embeddable":true,"href":"https:\/\/mineliboutique.ro\/en\/wp-json\/wp\/v2\/woo-feed-brand?post=82409"}],"curies":[{"name":"wp","href":"https:\/\/api.w.org\/{rel}","templated":true}]}}