{"id":82414,"date":"2026-02-22T19:30:58","date_gmt":"2026-02-22T17:30:58","guid":{"rendered":"https:\/\/mineliboutique.ro\/?post_type=product&#038;p=82414"},"modified":"2026-03-29T19:08:32","modified_gmt":"2026-03-29T16:08:32","slug":"botine-piele-sarpe-electra","status":"publish","type":"product","link":"https:\/\/mineliboutique.ro\/en\/shop\/botine-piele-sarpe-electra\/","title":{"rendered":"Botine piele de sarpe ELECTRA"},"content":{"rendered":"<div class=\"flex flex-col text-sm\">\n<section class=\"text-token-text-primary w-full focus:outline-none [--shadow-height:45px] has-data-writing-block:pointer-events-none has-data-writing-block:-mt-(--shadow-height) has-data-writing-block:pt-(--shadow-height) [&amp;:has([data-writing-block])&gt;*]:pointer-events-auto scroll-mt-[calc(var(--header-height)+min(200px,max(70px,20svh)))]\" dir=\"auto\" data-turn-id=\"request-WEB:7ce57e90-3afc-4c41-a36f-2d25c8ac0019-0\" data-testid=\"conversation-turn-2\" data-scroll-anchor=\"true\" data-turn=\"assistant\">\n<div class=\"text-base my-auto mx-auto pb-10 [--thread-content-margin:var(--thread-content-margin-xs,calc(var(--spacing)*4))] @w-sm\/main:[--thread-content-margin:var(--thread-content-margin-sm,calc(var(--spacing)*6))] @w-lg\/main:[--thread-content-margin:var(--thread-content-margin-lg,calc(var(--spacing)*16))] px-(--thread-content-margin)\">\n<div class=\"[--thread-content-max-width:40rem] @w-lg\/main:[--thread-content-max-width:48rem] mx-auto max-w-(--thread-content-max-width) flex-1 group\/turn-messages focus-visible:outline-hidden relative flex w-full min-w-0 flex-col agent-turn\">\n<div class=\"flex max-w-full flex-col gap-4 grow\">\n<div class=\"min-h-8 text-message relative flex w-full flex-col items-end gap-2 text-start break-words whitespace-normal outline-none keyboard-focused:focus-ring [.text-message+&amp;]:mt-1\" dir=\"auto\" tabindex=\"0\" data-message-author-role=\"assistant\" data-message-id=\"9156a6a5-1544-4d94-8294-67e542421a3f\" data-message-model-slug=\"gpt-5-3\" data-turn-start-message=\"true\">\n<div class=\"flex w-full flex-col gap-1 empty:hidden\">\n<div class=\"markdown prose dark:prose-invert w-full wrap-break-word light markdown-new-styling\">\n<p data-start=\"0\" data-end=\"442\" data-is-last-node=\"\" data-is-only-node=\"\">Aceste botine \u00eembin\u0103 perfect elegan\u021ba rafinat\u0103 cu un aer \u00eendr\u0103zne\u021b, inspirat din tendin\u021bele high-fashion. Realizate din materiale premium, cu un print exotic ce imit\u0103 pielea de \u0219arpe, ele aduc un plus de stil \u0219i personalitate oric\u0103rei \u021binute. V\u00e2rful ascu\u021bit creeaz\u0103 efectul de alungire a siluetei, iar tocul sculptural de 7 cm asigur\u0103 un echilibru ideal \u00eentre confort \u0219i design modern. Perfecte pentru apari\u021bii memorabile, de zi sau de sear\u0103.<\/p>\n<\/div>\n<\/div>\n<\/div>\n<\/div>\n<div class=\"z-0 flex min-h-[46px] justify-start\"><\/div>\n<\/div>\n<\/div>\n<\/section>\n<\/div>\n<div class=\"pointer-events-none h-px w-px absolute bottom-0\" aria-hidden=\"true\" data-edge=\"true\"><\/div>\n","protected":false},"excerpt":{"rendered":"<p>Aceste botine \u00eembin\u0103 perfect elegan\u021ba rafinat\u0103 cu un aer \u00eendr\u0103zne\u021b, inspirat din tendin\u021bele high-fashion. Realizate din materiale premium, cu un print exotic ce imit\u0103 pielea de \u0219arpe, ele aduc un plus de stil \u0219i personalitate oric\u0103rei \u021binute. V\u00e2rful ascu\u021bit creeaz\u0103 efectul de alungire a siluetei, iar tocul sculptural de 7 cm asigur\u0103 un echilibru ideal [&hellip;]<\/p>\n","protected":false},"featured_media":82415,"comment_status":"open","ping_status":"closed","template":"","meta":[],"product_brand":[],"product_cat":[1236,942,1091],"product_tag":[],"woo-feed-brand":[1546],"class_list":{"0":"post-82414","1":"product","2":"type-product","3":"status-publish","4":"has-post-thumbnail","6":"product_cat-botine","7":"product_cat-ghete","8":"product_cat-precomanda","9":"pa_sizes-168","10":"pa_sizes-169","11":"pa_sizes-170","12":"pa_sizes-171","13":"pa_sizes-172","14":"pa_sizes-229","15":"pa_sizes-1403","16":"woo-feed-brand-mineli","18":"first","19":"instock","20":"shipping-taxable","21":"purchasable","22":"product-type-variable"},"_links":{"self":[{"href":"https:\/\/mineliboutique.ro\/en\/wp-json\/wp\/v2\/product\/82414","targetHints":{"allow":["GET"]}}],"collection":[{"href":"https:\/\/mineliboutique.ro\/en\/wp-json\/wp\/v2\/product"}],"about":[{"href":"https:\/\/mineliboutique.ro\/en\/wp-json\/wp\/v2\/types\/product"}],"replies":[{"embeddable":true,"href":"https:\/\/mineliboutique.ro\/en\/wp-json\/wp\/v2\/comments?post=82414"}],"wp:featuredmedia":[{"embeddable":true,"href":"https:\/\/mineliboutique.ro\/en\/wp-json\/wp\/v2\/media\/82415"}],"wp:attachment":[{"href":"https:\/\/mineliboutique.ro\/en\/wp-json\/wp\/v2\/media?parent=82414"}],"wp:term":[{"taxonomy":"product_brand","embeddable":true,"href":"https:\/\/mineliboutique.ro\/en\/wp-json\/wp\/v2\/product_brand?post=82414"},{"taxonomy":"product_cat","embeddable":true,"href":"https:\/\/mineliboutique.ro\/en\/wp-json\/wp\/v2\/product_cat?post=82414"},{"taxonomy":"product_tag","embeddable":true,"href":"https:\/\/mineliboutique.ro\/en\/wp-json\/wp\/v2\/product_tag?post=82414"},{"taxonomy":"woo-feed-brand","embeddable":true,"href":"https:\/\/mineliboutique.ro\/en\/wp-json\/wp\/v2\/woo-feed-brand?post=82414"}],"curies":[{"name":"wp","href":"https:\/\/api.w.org\/{rel}","templated":true}]}}