{"id":82418,"date":"2026-02-22T19:38:49","date_gmt":"2026-02-22T17:38:49","guid":{"rendered":"https:\/\/mineliboutique.ro\/?post_type=product&#038;p=82418"},"modified":"2026-03-29T19:09:56","modified_gmt":"2026-03-29T16:09:56","slug":"botine-noelle-cowgirl","status":"publish","type":"product","link":"https:\/\/mineliboutique.ro\/en\/shop\/botine-noelle-cowgirl\/","title":{"rendered":"Botine NOELLE cowgirl"},"content":{"rendered":"<div class=\"flex flex-col text-sm pb-25\">\n<section class=\"text-token-text-primary w-full focus:outline-none [--shadow-height:45px] has-data-writing-block:pointer-events-none has-data-writing-block:-mt-(--shadow-height) has-data-writing-block:pt-(--shadow-height) [&amp;:has([data-writing-block])&gt;*]:pointer-events-auto scroll-mt-[calc(var(--header-height)+min(200px,max(70px,20svh)))]\" dir=\"auto\" data-turn-id=\"request-WEB:7ce57e90-3afc-4c41-a36f-2d25c8ac0019-3\" data-testid=\"conversation-turn-8\" data-scroll-anchor=\"true\" data-turn=\"assistant\">\n<div class=\"text-base my-auto mx-auto pb-10 [--thread-content-margin:var(--thread-content-margin-xs,calc(var(--spacing)*4))] @w-sm\/main:[--thread-content-margin:var(--thread-content-margin-sm,calc(var(--spacing)*6))] @w-lg\/main:[--thread-content-margin:var(--thread-content-margin-lg,calc(var(--spacing)*16))] px-(--thread-content-margin)\">\n<div class=\"[--thread-content-max-width:40rem] @w-lg\/main:[--thread-content-max-width:48rem] mx-auto max-w-(--thread-content-max-width) flex-1 group\/turn-messages focus-visible:outline-hidden relative flex w-full min-w-0 flex-col agent-turn\">\n<div class=\"flex max-w-full flex-col gap-4 grow\">\n<div class=\"min-h-8 text-message relative flex w-full flex-col items-end gap-2 text-start break-words whitespace-normal outline-none keyboard-focused:focus-ring [.text-message+&amp;]:mt-1\" dir=\"auto\" tabindex=\"0\" data-message-author-role=\"assistant\" data-message-id=\"8ea4cb11-be5c-40b5-8732-412468e42d45\" data-message-model-slug=\"gpt-5-3\" data-turn-start-message=\"true\">\n<div class=\"flex w-full flex-col gap-1 empty:hidden\">\n<div class=\"markdown prose dark:prose-invert w-full wrap-break-word light markdown-new-styling\">\n<p data-start=\"0\" data-end=\"327\">\u00cendr\u0103zne\u021be \u0219i rafinate, aceste botine sunt realizate din material premium cu textur\u0103 pony print \u0219i atrag instant privirea prin contrastul puternic alb-negru. V\u00e2rful ascu\u021bit alunge\u0219te elegant silueta piciorului, \u00een timp ce tocul sculptural adaug\u0103 un accent arhitectural modern, oferind stabilitate \u0219i un plus de originalitate.<\/p>\n<p data-start=\"329\" data-end=\"512\" data-is-last-node=\"\" data-is-only-node=\"\">Designul minimalist, completat de imprimeul statement, transform\u0103 acest model \u00eentr-o pies\u0103 central\u0103 a oric\u0103rei \u021binute, perfect\u0103 pentru apari\u021bii memorabile \u0219i stiluri cu personalitate.<\/p>\n<\/div>\n<\/div>\n<\/div>\n<\/div>\n<div class=\"z-0 flex min-h-[46px] justify-start\"><\/div>\n<\/div>\n<\/div>\n<\/section>\n<\/div>\n<div class=\"pointer-events-none h-px w-px absolute bottom-0\" aria-hidden=\"true\" data-edge=\"true\"><\/div>","protected":false},"excerpt":{"rendered":"<p>\u00cendr\u0103zne\u021be \u0219i rafinate, aceste botine sunt realizate din material premium cu textur\u0103 pony print \u0219i atrag instant privirea prin contrastul puternic alb-negru. V\u00e2rful ascu\u021bit alunge\u0219te elegant silueta piciorului, \u00een timp ce tocul sculptural adaug\u0103 un accent arhitectural modern, oferind stabilitate \u0219i un plus de originalitate. Designul minimalist, completat de imprimeul statement, transform\u0103 acest model \u00eentr-o [&hellip;]<\/p>","protected":false},"featured_media":82419,"comment_status":"open","ping_status":"closed","template":"","meta":[],"product_brand":[],"product_cat":[1236,942,1091],"product_tag":[],"woo-feed-brand":[1546],"class_list":{"0":"post-82418","1":"product","2":"type-product","3":"status-publish","4":"has-post-thumbnail","6":"product_cat-botine","7":"product_cat-ghete","8":"product_cat-precomanda","9":"pa_sizes-168","10":"pa_sizes-169","11":"pa_sizes-170","12":"pa_sizes-171","13":"pa_sizes-172","14":"pa_sizes-229","15":"pa_sizes-1403","16":"woo-feed-brand-mineli","18":"first","19":"instock","20":"shipping-taxable","21":"purchasable","22":"product-type-variable"},"_links":{"self":[{"href":"https:\/\/mineliboutique.ro\/en\/wp-json\/wp\/v2\/product\/82418","targetHints":{"allow":["GET"]}}],"collection":[{"href":"https:\/\/mineliboutique.ro\/en\/wp-json\/wp\/v2\/product"}],"about":[{"href":"https:\/\/mineliboutique.ro\/en\/wp-json\/wp\/v2\/types\/product"}],"replies":[{"embeddable":true,"href":"https:\/\/mineliboutique.ro\/en\/wp-json\/wp\/v2\/comments?post=82418"}],"wp:featuredmedia":[{"embeddable":true,"href":"https:\/\/mineliboutique.ro\/en\/wp-json\/wp\/v2\/media\/82419"}],"wp:attachment":[{"href":"https:\/\/mineliboutique.ro\/en\/wp-json\/wp\/v2\/media?parent=82418"}],"wp:term":[{"taxonomy":"product_brand","embeddable":true,"href":"https:\/\/mineliboutique.ro\/en\/wp-json\/wp\/v2\/product_brand?post=82418"},{"taxonomy":"product_cat","embeddable":true,"href":"https:\/\/mineliboutique.ro\/en\/wp-json\/wp\/v2\/product_cat?post=82418"},{"taxonomy":"product_tag","embeddable":true,"href":"https:\/\/mineliboutique.ro\/en\/wp-json\/wp\/v2\/product_tag?post=82418"},{"taxonomy":"woo-feed-brand","embeddable":true,"href":"https:\/\/mineliboutique.ro\/en\/wp-json\/wp\/v2\/woo-feed-brand?post=82418"}],"curies":[{"name":"wp","href":"https:\/\/api.w.org\/{rel}","templated":true}]}}