{"id":82422,"date":"2026-02-22T19:41:42","date_gmt":"2026-02-22T17:41:42","guid":{"rendered":"https:\/\/mineliboutique.ro\/?post_type=product&#038;p=82422"},"modified":"2026-03-29T19:01:29","modified_gmt":"2026-03-29T16:01:29","slug":"cizme-elysee-ivory","status":"publish","type":"product","link":"https:\/\/mineliboutique.ro\/en\/shop\/cizme-elysee-ivory\/","title":{"rendered":"Cizme ELYSEE ivory"},"content":{"rendered":"<p data-start=\"0\" data-end=\"221\">Aceste cizme definesc elegan\u021ba modern\u0103 \u0219i feminitatea sofisticat\u0103. Realizate din piele Nappa, cu textur\u0103 catifelat\u0103, modelul se remarc\u0103 prin linia alungit\u0103 \u0219i croiala impecabil\u0103, care pune \u00een valoare silueta piciorului.<\/p>\n<p data-start=\"223\" data-end=\"437\">Designul minimalist este completat de un accesoriu metalic auriu premium, ce adaug\u0103 un detaliu exclusivist \u0219i rafinat. V\u00e2rful ascu\u021bit \u0219i tocul de 9 cm ofer\u0103 un look feminin \u0219i stilat, f\u0103r\u0103 a compromite confortul.<\/p>\n<p data-start=\"439\" data-end=\"660\" data-is-last-node=\"\" data-is-only-node=\"\">Nuan\u021ba de nude confer\u0103 versatilitate \u0219i elegan\u021b\u0103, fiind u\u0219or de integrat \u00een \u021binute sofisticate. Aceste cizme lungi, peste genunchi, sunt alegerea ideal\u0103 pentru femeia care apreciaz\u0103 luxul autentic \u0219i calitatea superioar\u0103.<\/p>","protected":false},"excerpt":{"rendered":"<p>Aceste cizme definesc elegan\u021ba modern\u0103 \u0219i feminitatea sofisticat\u0103. Realizate din piele Nappa, cu textur\u0103 catifelat\u0103, modelul se remarc\u0103 prin linia alungit\u0103 \u0219i croiala impecabil\u0103, care pune \u00een valoare silueta piciorului. Designul minimalist este completat de un accesoriu metalic auriu premium, ce adaug\u0103 un detaliu exclusivist \u0219i rafinat. V\u00e2rful ascu\u021bit \u0219i tocul de 9 cm ofer\u0103 [&hellip;]<\/p>","protected":false},"featured_media":82423,"comment_status":"open","ping_status":"closed","template":"","meta":[],"product_brand":[],"product_cat":[1577],"product_tag":[],"woo-feed-brand":[1546],"class_list":{"0":"post-82422","1":"product","2":"type-product","3":"status-publish","4":"has-post-thumbnail","6":"product_cat-cizme-2","7":"woo-feed-brand-mineli","9":"first","10":"instock","11":"shipping-taxable","12":"purchasable","13":"product-type-variable"},"_links":{"self":[{"href":"https:\/\/mineliboutique.ro\/en\/wp-json\/wp\/v2\/product\/82422","targetHints":{"allow":["GET"]}}],"collection":[{"href":"https:\/\/mineliboutique.ro\/en\/wp-json\/wp\/v2\/product"}],"about":[{"href":"https:\/\/mineliboutique.ro\/en\/wp-json\/wp\/v2\/types\/product"}],"replies":[{"embeddable":true,"href":"https:\/\/mineliboutique.ro\/en\/wp-json\/wp\/v2\/comments?post=82422"}],"wp:featuredmedia":[{"embeddable":true,"href":"https:\/\/mineliboutique.ro\/en\/wp-json\/wp\/v2\/media\/82423"}],"wp:attachment":[{"href":"https:\/\/mineliboutique.ro\/en\/wp-json\/wp\/v2\/media?parent=82422"}],"wp:term":[{"taxonomy":"product_brand","embeddable":true,"href":"https:\/\/mineliboutique.ro\/en\/wp-json\/wp\/v2\/product_brand?post=82422"},{"taxonomy":"product_cat","embeddable":true,"href":"https:\/\/mineliboutique.ro\/en\/wp-json\/wp\/v2\/product_cat?post=82422"},{"taxonomy":"product_tag","embeddable":true,"href":"https:\/\/mineliboutique.ro\/en\/wp-json\/wp\/v2\/product_tag?post=82422"},{"taxonomy":"woo-feed-brand","embeddable":true,"href":"https:\/\/mineliboutique.ro\/en\/wp-json\/wp\/v2\/woo-feed-brand?post=82422"}],"curies":[{"name":"wp","href":"https:\/\/api.w.org\/{rel}","templated":true}]}}