{"id":82426,"date":"2026-02-22T19:44:07","date_gmt":"2026-02-22T17:44:07","guid":{"rendered":"https:\/\/mineliboutique.ro\/?post_type=product&#038;p=82426"},"modified":"2026-03-29T19:04:34","modified_gmt":"2026-03-29T16:04:34","slug":"cizme-elysee-black","status":"publish","type":"product","link":"https:\/\/mineliboutique.ro\/en\/shop\/cizme-elysee-black\/","title":{"rendered":"Cizme ELYSEE black"},"content":{"rendered":"<p data-start=\"0\" data-end=\"270\">Impun\u0103toare \u0219i extrem de elegante, aceste cizme sunt confec\u021bionate din piele natural\u0103 fin\u0103, oferind un echilibru ideal \u00eentre stil, confort \u0219i durabilitate. Designul sofisticat este completat de un accesoriu metalic premium, ce adaug\u0103 un detaliu exclusivist \u0219i discret.<\/p>\n<p data-start=\"272\" data-end=\"549\" data-is-last-node=\"\" data-is-only-node=\"\">V\u00e2rful ascu\u021bit \u0219i croiala alungit\u0103, peste genunchi, creeaz\u0103 un efect vizual elegant \u0219i feminin, eviden\u021biind silueta piciorului. Culoarea neagr\u0103, clasic\u0103, transform\u0103 acest model \u00eentr-o pies\u0103 versatil\u0103, u\u0219or de integrat \u00een \u021binute elegante, pentru apari\u021bii rafinate \u0219i memorabile.<\/p>","protected":false},"excerpt":{"rendered":"<p>Impun\u0103toare \u0219i extrem de elegante, aceste cizme sunt confec\u021bionate din piele natural\u0103 fin\u0103, oferind un echilibru ideal \u00eentre stil, confort \u0219i durabilitate. Designul sofisticat este completat de un accesoriu metalic premium, ce adaug\u0103 un detaliu exclusivist \u0219i discret. V\u00e2rful ascu\u021bit \u0219i croiala alungit\u0103, peste genunchi, creeaz\u0103 un efect vizual elegant \u0219i feminin, eviden\u021biind silueta piciorului. [&hellip;]<\/p>","protected":false},"featured_media":82427,"comment_status":"open","ping_status":"closed","template":"","meta":[],"product_brand":[],"product_cat":[1577],"product_tag":[],"woo-feed-brand":[1546],"class_list":{"0":"post-82426","1":"product","2":"type-product","3":"status-publish","4":"has-post-thumbnail","6":"product_cat-cizme-2","7":"woo-feed-brand-mineli","9":"first","10":"instock","11":"shipping-taxable","12":"purchasable","13":"product-type-variable"},"_links":{"self":[{"href":"https:\/\/mineliboutique.ro\/en\/wp-json\/wp\/v2\/product\/82426","targetHints":{"allow":["GET"]}}],"collection":[{"href":"https:\/\/mineliboutique.ro\/en\/wp-json\/wp\/v2\/product"}],"about":[{"href":"https:\/\/mineliboutique.ro\/en\/wp-json\/wp\/v2\/types\/product"}],"replies":[{"embeddable":true,"href":"https:\/\/mineliboutique.ro\/en\/wp-json\/wp\/v2\/comments?post=82426"}],"wp:featuredmedia":[{"embeddable":true,"href":"https:\/\/mineliboutique.ro\/en\/wp-json\/wp\/v2\/media\/82427"}],"wp:attachment":[{"href":"https:\/\/mineliboutique.ro\/en\/wp-json\/wp\/v2\/media?parent=82426"}],"wp:term":[{"taxonomy":"product_brand","embeddable":true,"href":"https:\/\/mineliboutique.ro\/en\/wp-json\/wp\/v2\/product_brand?post=82426"},{"taxonomy":"product_cat","embeddable":true,"href":"https:\/\/mineliboutique.ro\/en\/wp-json\/wp\/v2\/product_cat?post=82426"},{"taxonomy":"product_tag","embeddable":true,"href":"https:\/\/mineliboutique.ro\/en\/wp-json\/wp\/v2\/product_tag?post=82426"},{"taxonomy":"woo-feed-brand","embeddable":true,"href":"https:\/\/mineliboutique.ro\/en\/wp-json\/wp\/v2\/woo-feed-brand?post=82426"}],"curies":[{"name":"wp","href":"https:\/\/api.w.org\/{rel}","templated":true}]}}