{"id":82430,"date":"2026-02-22T20:08:22","date_gmt":"2026-02-22T18:08:22","guid":{"rendered":"https:\/\/mineliboutique.ro\/?post_type=product&#038;p=82430"},"modified":"2026-03-29T19:08:01","modified_gmt":"2026-03-29T16:08:01","slug":"cizme-vittoria-maro","status":"publish","type":"product","link":"https:\/\/mineliboutique.ro\/en\/shop\/cizme-vittoria-maro\/","title":{"rendered":"Cizme VITTORIA brown"},"content":{"rendered":"<p data-start=\"0\" data-end=\"237\">Aceste cizme statement sunt realizate din piele natural\u0103 cu imprimeu croco, eviden\u021biate printr-un finisaj elegant \u0219i o textur\u0103 sofisticat\u0103. Designul rafinat le transform\u0103 \u00eentr-o pies\u0103 de impact, perfect\u0103 pentru \u021binute cu personalitate.<\/p>\n<p data-start=\"239\" data-end=\"402\" data-is-last-node=\"\" data-is-only-node=\"\">Tocul sub\u021bire de 9 cm ofer\u0103 un echilibru ideal \u00eentre elegan\u021b\u0103 \u0219i confort, fiind potrivit at\u00e2t pentru apari\u021bii de zi, c\u00e2t \u0219i pentru look-uri de sear\u0103 pline de stil.<\/p>","protected":false},"excerpt":{"rendered":"<p>Aceste cizme statement sunt realizate din piele natural\u0103 cu imprimeu croco, eviden\u021biate printr-un finisaj elegant \u0219i o textur\u0103 sofisticat\u0103. Designul rafinat le transform\u0103 \u00eentr-o pies\u0103 de impact, perfect\u0103 pentru \u021binute cu personalitate. Tocul sub\u021bire de 9 cm ofer\u0103 un echilibru ideal \u00eentre elegan\u021b\u0103 \u0219i confort, fiind potrivit at\u00e2t pentru apari\u021bii de zi, c\u00e2t \u0219i pentru [&hellip;]<\/p>","protected":false},"featured_media":82434,"comment_status":"open","ping_status":"closed","template":"","meta":[],"product_brand":[],"product_cat":[1577],"product_tag":[],"woo-feed-brand":[1546],"class_list":{"0":"post-82430","1":"product","2":"type-product","3":"status-publish","4":"has-post-thumbnail","6":"product_cat-cizme-2","7":"woo-feed-brand-mineli","9":"first","10":"instock","11":"shipping-taxable","12":"purchasable","13":"product-type-variable"},"_links":{"self":[{"href":"https:\/\/mineliboutique.ro\/en\/wp-json\/wp\/v2\/product\/82430","targetHints":{"allow":["GET"]}}],"collection":[{"href":"https:\/\/mineliboutique.ro\/en\/wp-json\/wp\/v2\/product"}],"about":[{"href":"https:\/\/mineliboutique.ro\/en\/wp-json\/wp\/v2\/types\/product"}],"replies":[{"embeddable":true,"href":"https:\/\/mineliboutique.ro\/en\/wp-json\/wp\/v2\/comments?post=82430"}],"wp:featuredmedia":[{"embeddable":true,"href":"https:\/\/mineliboutique.ro\/en\/wp-json\/wp\/v2\/media\/82434"}],"wp:attachment":[{"href":"https:\/\/mineliboutique.ro\/en\/wp-json\/wp\/v2\/media?parent=82430"}],"wp:term":[{"taxonomy":"product_brand","embeddable":true,"href":"https:\/\/mineliboutique.ro\/en\/wp-json\/wp\/v2\/product_brand?post=82430"},{"taxonomy":"product_cat","embeddable":true,"href":"https:\/\/mineliboutique.ro\/en\/wp-json\/wp\/v2\/product_cat?post=82430"},{"taxonomy":"product_tag","embeddable":true,"href":"https:\/\/mineliboutique.ro\/en\/wp-json\/wp\/v2\/product_tag?post=82430"},{"taxonomy":"woo-feed-brand","embeddable":true,"href":"https:\/\/mineliboutique.ro\/en\/wp-json\/wp\/v2\/woo-feed-brand?post=82430"}],"curies":[{"name":"wp","href":"https:\/\/api.w.org\/{rel}","templated":true}]}}