{"id":82440,"date":"2026-02-22T20:46:50","date_gmt":"2026-02-22T18:46:50","guid":{"rendered":"https:\/\/mineliboutique.ro\/?post_type=product&#038;p=82440"},"modified":"2026-03-29T19:14:06","modified_gmt":"2026-03-29T16:14:06","slug":"cizme-serena-black","status":"publish","type":"product","link":"https:\/\/mineliboutique.ro\/en\/shop\/cizme-serena-black\/","title":{"rendered":"Cizme SERENA black"},"content":{"rendered":"<div class=\"flex flex-col text-sm\">\n<section class=\"text-token-text-primary w-full focus:outline-none [--shadow-height:45px] has-data-writing-block:pointer-events-none has-data-writing-block:-mt-(--shadow-height) has-data-writing-block:pt-(--shadow-height) [&amp;:has([data-writing-block])&gt;*]:pointer-events-auto scroll-mt-[calc(var(--header-height)+min(200px,max(70px,20svh)))]\" dir=\"auto\" data-turn-id=\"request-WEB:7ce57e90-3afc-4c41-a36f-2d25c8ac0019-8\" data-testid=\"conversation-turn-18\" data-scroll-anchor=\"true\" data-turn=\"assistant\">\n<div class=\"text-base my-auto mx-auto pb-10 [--thread-content-margin:var(--thread-content-margin-xs,calc(var(--spacing)*4))] @w-sm\/main:[--thread-content-margin:var(--thread-content-margin-sm,calc(var(--spacing)*6))] @w-lg\/main:[--thread-content-margin:var(--thread-content-margin-lg,calc(var(--spacing)*16))] px-(--thread-content-margin)\">\n<div class=\"[--thread-content-max-width:40rem] @w-lg\/main:[--thread-content-max-width:48rem] mx-auto max-w-(--thread-content-max-width) flex-1 group\/turn-messages focus-visible:outline-hidden relative flex w-full min-w-0 flex-col agent-turn\">\n<div class=\"flex max-w-full flex-col gap-4 grow\">\n<div class=\"min-h-8 text-message relative flex w-full flex-col items-end gap-2 text-start break-words whitespace-normal outline-none keyboard-focused:focus-ring [.text-message+&amp;]:mt-1\" dir=\"auto\" tabindex=\"0\" data-message-author-role=\"assistant\" data-message-id=\"14a120df-4083-4a9c-b1ca-7bd189059378\" data-message-model-slug=\"gpt-5-3\" data-turn-start-message=\"true\">\n<div class=\"flex w-full flex-col gap-1 empty:hidden\">\n<div class=\"markdown prose dark:prose-invert w-full wrap-break-word light markdown-new-styling\">\n<p data-start=\"0\" data-end=\"209\">Elegante \u0219i sofisticate, aceste cizme sunt confec\u021bionate din piele natural\u0103, cu un finisaj neted \u0219i rafinat. Designul \u00eenalt este completat de un efect u\u0219or drapat pe picior, oferind un look modern \u0219i stilat.<\/p>\n<p data-start=\"211\" data-end=\"435\" data-is-last-node=\"\" data-is-only-node=\"\">V\u00e2rful ascu\u021bit subliniaz\u0103 linia piciorului, iar tocul de 9 cm, cu form\u0103 elegant\u0103 \u0219i stabil\u0103, asigur\u0103 confort \u0219i rafinament la fiecare pas, transform\u00e2nd acest model \u00eentr-o alegere ideal\u0103 pentru \u021binute feminine \u0219i sofisticate.<\/p>\n<\/div>\n<\/div>\n<\/div>\n<\/div>\n<div class=\"z-0 flex min-h-[46px] justify-start\"><\/div>\n<\/div>\n<\/div>\n<\/section>\n<\/div>\n<div class=\"pointer-events-none h-px w-px absolute bottom-0\" aria-hidden=\"true\" data-edge=\"true\"><\/div>","protected":false},"excerpt":{"rendered":"<p>Elegante \u0219i sofisticate, aceste cizme sunt confec\u021bionate din piele natural\u0103, cu un finisaj neted \u0219i rafinat. Designul \u00eenalt este completat de un efect u\u0219or drapat pe picior, oferind un look modern \u0219i stilat. V\u00e2rful ascu\u021bit subliniaz\u0103 linia piciorului, iar tocul de 9 cm, cu form\u0103 elegant\u0103 \u0219i stabil\u0103, asigur\u0103 confort \u0219i rafinament la fiecare pas, [&hellip;]<\/p>","protected":false},"featured_media":82441,"comment_status":"open","ping_status":"closed","template":"","meta":[],"product_brand":[],"product_cat":[1577],"product_tag":[],"woo-feed-brand":[1546],"class_list":{"0":"post-82440","1":"product","2":"type-product","3":"status-publish","4":"has-post-thumbnail","6":"product_cat-cizme-2","7":"woo-feed-brand-mineli","9":"first","10":"instock","11":"shipping-taxable","12":"purchasable","13":"product-type-variable"},"_links":{"self":[{"href":"https:\/\/mineliboutique.ro\/en\/wp-json\/wp\/v2\/product\/82440","targetHints":{"allow":["GET"]}}],"collection":[{"href":"https:\/\/mineliboutique.ro\/en\/wp-json\/wp\/v2\/product"}],"about":[{"href":"https:\/\/mineliboutique.ro\/en\/wp-json\/wp\/v2\/types\/product"}],"replies":[{"embeddable":true,"href":"https:\/\/mineliboutique.ro\/en\/wp-json\/wp\/v2\/comments?post=82440"}],"wp:featuredmedia":[{"embeddable":true,"href":"https:\/\/mineliboutique.ro\/en\/wp-json\/wp\/v2\/media\/82441"}],"wp:attachment":[{"href":"https:\/\/mineliboutique.ro\/en\/wp-json\/wp\/v2\/media?parent=82440"}],"wp:term":[{"taxonomy":"product_brand","embeddable":true,"href":"https:\/\/mineliboutique.ro\/en\/wp-json\/wp\/v2\/product_brand?post=82440"},{"taxonomy":"product_cat","embeddable":true,"href":"https:\/\/mineliboutique.ro\/en\/wp-json\/wp\/v2\/product_cat?post=82440"},{"taxonomy":"product_tag","embeddable":true,"href":"https:\/\/mineliboutique.ro\/en\/wp-json\/wp\/v2\/product_tag?post=82440"},{"taxonomy":"woo-feed-brand","embeddable":true,"href":"https:\/\/mineliboutique.ro\/en\/wp-json\/wp\/v2\/woo-feed-brand?post=82440"}],"curies":[{"name":"wp","href":"https:\/\/api.w.org\/{rel}","templated":true}]}}