{"id":82447,"date":"2026-02-22T20:58:05","date_gmt":"2026-02-22T18:58:05","guid":{"rendered":"https:\/\/mineliboutique.ro\/?post_type=product&#038;p=82447"},"modified":"2026-03-29T19:16:04","modified_gmt":"2026-03-29T16:16:04","slug":"cizme-serena-brown","status":"publish","type":"product","link":"https:\/\/mineliboutique.ro\/en\/shop\/cizme-serena-brown\/","title":{"rendered":"Cizme SERENA brown"},"content":{"rendered":"<div class=\"flex flex-col text-sm\">\n<section class=\"text-token-text-primary w-full focus:outline-none [--shadow-height:45px] has-data-writing-block:pointer-events-none has-data-writing-block:-mt-(--shadow-height) has-data-writing-block:pt-(--shadow-height) [&amp;:has([data-writing-block])&gt;*]:pointer-events-auto scroll-mt-[calc(var(--header-height)+min(200px,max(70px,20svh)))]\" dir=\"auto\" data-turn-id=\"request-WEB:7ce57e90-3afc-4c41-a36f-2d25c8ac0019-9\" data-testid=\"conversation-turn-20\" data-scroll-anchor=\"true\" data-turn=\"assistant\">\n<div class=\"text-base my-auto mx-auto pb-10 [--thread-content-margin:var(--thread-content-margin-xs,calc(var(--spacing)*4))] @w-sm\/main:[--thread-content-margin:var(--thread-content-margin-sm,calc(var(--spacing)*6))] @w-lg\/main:[--thread-content-margin:var(--thread-content-margin-lg,calc(var(--spacing)*16))] px-(--thread-content-margin)\">\n<div class=\"[--thread-content-max-width:40rem] @w-lg\/main:[--thread-content-max-width:48rem] mx-auto max-w-(--thread-content-max-width) flex-1 group\/turn-messages focus-visible:outline-hidden relative flex w-full min-w-0 flex-col agent-turn\">\n<div class=\"flex max-w-full flex-col gap-4 grow\">\n<div class=\"min-h-8 text-message relative flex w-full flex-col items-end gap-2 text-start break-words whitespace-normal outline-none keyboard-focused:focus-ring [.text-message+&amp;]:mt-1\" dir=\"auto\" tabindex=\"0\" data-message-author-role=\"assistant\" data-message-id=\"610a710f-db57-4db9-9d97-bf148f8fd6ec\" data-message-model-slug=\"gpt-5-3\" data-turn-start-message=\"true\">\n<div class=\"flex w-full flex-col gap-1 empty:hidden\">\n<div class=\"markdown prose dark:prose-invert w-full wrap-break-word light markdown-new-styling\">\n<p data-start=\"0\" data-end=\"219\">Rafinate \u0219i spectaculoase, aceste cizme peste genunchi sunt realizate din piele natural\u0103, cu o textur\u0103 fin\u0103 \u0219i un aspect elegant. V\u00e2rful ascu\u021bit le confer\u0103 un aer modern \u0219i exclusivist, eviden\u021biind silueta piciorului.<\/p>\n<p data-start=\"221\" data-end=\"474\" data-is-last-node=\"\" data-is-only-node=\"\">Tocul sub\u021bire, sculptural, de 7 cm ofer\u0103 un echilibru perfect \u00eentre stil \u0219i confort, iar fermoarul lateral discret asigur\u0103 o \u00eenc\u0103l\u021bare rapid\u0103 \u0219i practic\u0103. Acest model este alegerea ideal\u0103 pentru \u021binute elegante de sear\u0103 sau apari\u021bii statement cu impact.<\/p>\n<\/div>\n<\/div>\n<\/div>\n<\/div>\n<div class=\"z-0 flex min-h-[46px] justify-start\"><\/div>\n<\/div>\n<\/div>\n<\/section>\n<\/div>\n<div class=\"pointer-events-none h-px w-px absolute bottom-0\" aria-hidden=\"true\" data-edge=\"true\"><\/div>","protected":false},"excerpt":{"rendered":"<p>Rafinate \u0219i spectaculoase, aceste cizme peste genunchi sunt realizate din piele natural\u0103, cu o textur\u0103 fin\u0103 \u0219i un aspect elegant. V\u00e2rful ascu\u021bit le confer\u0103 un aer modern \u0219i exclusivist, eviden\u021biind silueta piciorului. Tocul sub\u021bire, sculptural, de 7 cm ofer\u0103 un echilibru perfect \u00eentre stil \u0219i confort, iar fermoarul lateral discret asigur\u0103 o \u00eenc\u0103l\u021bare rapid\u0103 \u0219i [&hellip;]<\/p>","protected":false},"featured_media":82444,"comment_status":"open","ping_status":"closed","template":"","meta":[],"product_brand":[],"product_cat":[1577],"product_tag":[],"woo-feed-brand":[1546],"class_list":{"0":"post-82447","1":"product","2":"type-product","3":"status-publish","4":"has-post-thumbnail","6":"product_cat-cizme-2","7":"woo-feed-brand-mineli","9":"first","10":"instock","11":"shipping-taxable","12":"purchasable","13":"product-type-variable"},"_links":{"self":[{"href":"https:\/\/mineliboutique.ro\/en\/wp-json\/wp\/v2\/product\/82447","targetHints":{"allow":["GET"]}}],"collection":[{"href":"https:\/\/mineliboutique.ro\/en\/wp-json\/wp\/v2\/product"}],"about":[{"href":"https:\/\/mineliboutique.ro\/en\/wp-json\/wp\/v2\/types\/product"}],"replies":[{"embeddable":true,"href":"https:\/\/mineliboutique.ro\/en\/wp-json\/wp\/v2\/comments?post=82447"}],"wp:featuredmedia":[{"embeddable":true,"href":"https:\/\/mineliboutique.ro\/en\/wp-json\/wp\/v2\/media\/82444"}],"wp:attachment":[{"href":"https:\/\/mineliboutique.ro\/en\/wp-json\/wp\/v2\/media?parent=82447"}],"wp:term":[{"taxonomy":"product_brand","embeddable":true,"href":"https:\/\/mineliboutique.ro\/en\/wp-json\/wp\/v2\/product_brand?post=82447"},{"taxonomy":"product_cat","embeddable":true,"href":"https:\/\/mineliboutique.ro\/en\/wp-json\/wp\/v2\/product_cat?post=82447"},{"taxonomy":"product_tag","embeddable":true,"href":"https:\/\/mineliboutique.ro\/en\/wp-json\/wp\/v2\/product_tag?post=82447"},{"taxonomy":"woo-feed-brand","embeddable":true,"href":"https:\/\/mineliboutique.ro\/en\/wp-json\/wp\/v2\/woo-feed-brand?post=82447"}],"curies":[{"name":"wp","href":"https:\/\/api.w.org\/{rel}","templated":true}]}}